{"id":5536,"date":"2025-04-21T08:32:46","date_gmt":"2025-04-21T08:32:46","guid":{"rendered":"https:\/\/eurowheelz.eu\/politica-de-cookies\/"},"modified":"2025-06-05T11:33:50","modified_gmt":"2025-06-05T11:33:50","slug":"politica-de-cookies","status":"publish","type":"page","link":"https:\/\/eurowheelz.eu\/pt-pt\/politica-de-cookies\/","title":{"rendered":"Pol\u00edtica de cookies"},"content":{"rendered":"\t\t<div data-elementor-type=\"wp-page\" data-elementor-id=\"5536\" class=\"elementor elementor-5536 elementor-1342\" data-elementor-post-type=\"page\">\n\t\t\t\t<div class=\"elementor-element elementor-element-abf9018 e-flex e-con-boxed e-con e-parent\" data-id=\"abf9018\" data-element_type=\"container\" data-e-type=\"container\">\n\t\t\t\t\t<div class=\"e-con-inner\">\n\t\t<div class=\"elementor-element elementor-element-124bc59 e-con-full e-flex e-con e-child\" data-id=\"124bc59\" data-element_type=\"container\" data-e-type=\"container\">\n\t\t\t\t<div class=\"elementor-element elementor-element-48e162a elementor-widget elementor-widget-heading\" data-id=\"48e162a\" data-element_type=\"widget\" data-e-type=\"widget\" data-widget_type=\"heading.default\">\n\t\t\t\t<div class=\"elementor-widget-container\">\n\t\t\t\t\t<h2 class=\"elementor-heading-title elementor-size-default\">Pol\u00edtica de cookies<\/h2>\t\t\t\t<\/div>\n\t\t\t\t<\/div>\n\t\t\t\t<div class=\"elementor-element elementor-element-1896981 elementor-widget elementor-widget-text-editor\" data-id=\"1896981\" data-element_type=\"widget\" data-e-type=\"widget\" data-widget_type=\"text-editor.default\">\n\t\t\t\t<div class=\"elementor-widget-container\">\n\t\t\t\t\t\t\t\t\t<div class=\"\"><p>1. Condi\u00e7\u00f5es<\/p><p>Ao aceder a este s\u00edtio Web, acess\u00edvel a partir de https:\/\/www.eurowheelz.eu, o utilizador concorda em ficar vinculado aos presentes Termos e Condi\u00e7\u00f5es de Utiliza\u00e7\u00e3o do s\u00edtio Web e concorda que \u00e9 respons\u00e1vel pelo cumprimento de todas as leis locais aplic\u00e1veis. Se o utilizador n\u00e3o concordar com algum destes termos, est\u00e1 proibido de aceder a este s\u00edtio. Os materiais contidos neste s\u00edtio Web est\u00e3o protegidos pela lei dos direitos de autor e das marcas comerciais.  <\/p><p>2. Licen\u00e7a de utiliza\u00e7\u00e3o<\/p><p>\u00c9 concedida permiss\u00e3o para descarregar temporariamente uma c\u00f3pia dos materiais no s\u00edtio Web da Eurowheelz apenas para visualiza\u00e7\u00e3o transit\u00f3ria pessoal e n\u00e3o comercial. Esta \u00e9 a concess\u00e3o de uma licen\u00e7a, n\u00e3o uma transfer\u00eancia de t\u00edtulo, e sob esta licen\u00e7a o utilizador n\u00e3o pode: <\/p><p>modificar ou copiar os materiais;<br>usar os materiais para qualquer finalidade comercial ou para qualquer exibi\u00e7\u00e3o p\u00fablica;<br>tentar fazer engenharia reversa de qualquer software contido no site da Eurowheelz;<br>remover quaisquer direitos autorais ou outras nota\u00e7\u00f5es de propriedade dos materiais; ou<br>transferir os materiais para outra pessoa ou \u201cespelhar\u201d os materiais em qualquer outro servidor.<br>Isso permitir\u00e1 que a Eurowheelz termine em caso de viola\u00e7\u00e3o de qualquer uma dessas restri\u00e7\u00f5es. Ap\u00f3s a rescis\u00e3o, o seu direito de visualiza\u00e7\u00e3o tamb\u00e9m ser\u00e1 rescindido e dever\u00e1 destruir quaisquer materiais descarregados na sua posse, quer sejam impressos ou em formato eletr\u00f3nico. Estes Termos de Servi\u00e7o foram criados com a ajuda do Gerador de Termos de Servi\u00e7o.  <\/p><p>3. Isen\u00e7\u00e3o de responsabilidade<\/p><p>Todos os materiais no s\u00edtio Web da Eurowheelz s\u00e3o fornecidos \u201ctal como est\u00e3o\u201d. A Eurowheelz n\u00e3o oferece garantias, sejam elas expressas ou impl\u00edcitas, portanto nega todas as outras garantias. Al\u00e9m disso, a Eurowheelz n\u00e3o faz qualquer declara\u00e7\u00e3o relativa \u00e0 exatid\u00e3o ou fiabilidade da utiliza\u00e7\u00e3o dos materiais no seu s\u00edtio Web ou de outra forma relacionada com esses materiais ou quaisquer s\u00edtios ligados a este s\u00edtio Web.  <\/p><p>4. Limita\u00e7\u00f5es<\/p><p>A Eurowheelz ou os seus fornecedores n\u00e3o ser\u00e3o responsabilizados por quaisquer danos que surjam com o uso ou incapacidade de usar os materiais no Website da Eurowheelz, mesmo que a Eurowheelz ou um representante autorizado deste Website tenha sido notificado, oralmente ou por escrito, da possibilidade de tais danos. Algumas jurisdi\u00e7\u00f5es n\u00e3o permitem limita\u00e7\u00f5es nas garantias impl\u00edcitas ou limita\u00e7\u00f5es de responsabilidade por danos acidentais, estas limita\u00e7\u00f5es podem n\u00e3o se aplicar ao utilizador. <\/p><p>5. Revis\u00f5es e Erratas<\/p><p>Os materiais que aparecem no s\u00edtio Web da Eurowheelz podem incluir erros t\u00e9cnicos, tipogr\u00e1ficos ou fotogr\u00e1ficos. A Eurowheelz n\u00e3o promete que qualquer dos materiais contidos neste s\u00edtio Web seja exato, completo ou atual. A Eurowheelz pode alterar os materiais contidos no seu s\u00edtio Web a qualquer momento sem aviso pr\u00e9vio. A Eurowheelz n\u00e3o assume qualquer compromisso de atualizar os materiais.   <\/p><p>6. Esquerda<\/p><p>A Eurowheelz n\u00e3o analisou todos os s\u00edtios ligados ao seu s\u00edtio Web e n\u00e3o \u00e9 respons\u00e1vel pelo conte\u00fado de nenhum desses s\u00edtios ligados. A presen\u00e7a de qualquer liga\u00e7\u00e3o n\u00e3o implica a aprova\u00e7\u00e3o do s\u00edtio pela Eurowheelz. A utiliza\u00e7\u00e3o de qualquer s\u00edtio ligado \u00e9 feita por conta e risco do utilizador.  <\/p><p>7. Altera\u00e7\u00f5es \u00e0s condi\u00e7\u00f5es de utiliza\u00e7\u00e3o do s\u00edtio<\/p><p>A Eurowheelz pode rever estes Termos de Utiliza\u00e7\u00e3o do seu s\u00edtio Web em qualquer altura sem aviso pr\u00e9vio. Ao utilizar este s\u00edtio Web, o utilizador concorda em ficar vinculado \u00e0 vers\u00e3o atual dos presentes Termos e Condi\u00e7\u00f5es de Utiliza\u00e7\u00e3o. <\/p><p>8. A sua privacidade<\/p><p>Leia a nossa Pol\u00edtica de Privacidade.<\/p><p>9. Direito aplic\u00e1vel<\/p><p>Qualquer reclama\u00e7\u00e3o relacionada com o s\u00edtio Web da Eurowheelz ser\u00e1 regida pelas leis do af, sem ter em conta o seu conflito de disposi\u00e7\u00f5es legais.<\/p><\/div>\t\t\t\t\t\t\t\t<\/div>\n\t\t\t\t<\/div>\n\t\t\t\t<\/div>\n\t\t\t\t\t<\/div>\n\t\t\t\t<\/div>\n\t\t\t\t<\/div>\n\t\t","protected":false},"excerpt":{"rendered":"<p>Pol\u00edtica de cookies 1. Condi\u00e7\u00f5es Ao aceder a este s\u00edtio Web, acess\u00edvel a partir de https:\/\/www.eurowheelz.eu, o utilizador concorda em ficar vinculado aos presentes Termos e Condi\u00e7\u00f5es de Utiliza\u00e7\u00e3o do s\u00edtio Web e concorda que \u00e9 respons\u00e1vel pelo cumprimento de todas as leis locais aplic\u00e1veis. Se o utilizador n\u00e3o concordar com algum destes termos, est\u00e1 [&hellip;]<\/p>\n","protected":false},"author":1,"featured_media":0,"parent":0,"menu_order":0,"comment_status":"closed","ping_status":"closed","template":"","meta":{"_acf_changed":false,"footnotes":""},"class_list":["post-5536","page","type-page","status-publish","hentry"],"acf":[],"yoast_head":"<!-- This site is optimized with the Yoast SEO plugin v27.3 - https:\/\/yoast.com\/product\/yoast-seo-wordpress\/ -->\n<title>Pol\u00edtica de cookies - EuroWheelz<\/title>\n<meta name=\"robots\" content=\"index, follow, max-snippet:-1, max-image-preview:large, max-video-preview:-1\" \/>\n<link rel=\"canonical\" href=\"https:\/\/eurowheelz.eu\/pt-pt\/politica-de-cookies\/\" \/>\n<meta property=\"og:locale\" content=\"pt_PT\" \/>\n<meta property=\"og:type\" content=\"article\" \/>\n<meta property=\"og:title\" content=\"Pol\u00edtica de cookies - EuroWheelz\" \/>\n<meta property=\"og:description\" content=\"Pol\u00edtica de cookies 1. Condi\u00e7\u00f5es Ao aceder a este s\u00edtio Web, acess\u00edvel a partir de https:\/\/www.eurowheelz.eu, o utilizador concorda em ficar vinculado aos presentes Termos e Condi\u00e7\u00f5es de Utiliza\u00e7\u00e3o do s\u00edtio Web e concorda que \u00e9 respons\u00e1vel pelo cumprimento de todas as leis locais aplic\u00e1veis. Se o utilizador n\u00e3o concordar com algum destes termos, est\u00e1 [&hellip;]\" \/>\n<meta property=\"og:url\" content=\"https:\/\/eurowheelz.eu\/pt-pt\/politica-de-cookies\/\" \/>\n<meta property=\"og:site_name\" content=\"EuroWheelz\" \/>\n<meta property=\"article:publisher\" content=\"https:\/\/www.facebook.com\/Eurowheelz.nl\" \/>\n<meta property=\"article:modified_time\" content=\"2025-06-05T11:33:50+00:00\" \/>\n<meta name=\"twitter:card\" content=\"summary_large_image\" \/>\n<meta name=\"twitter:label1\" content=\"Tempo estimado de leitura\" \/>\n\t<meta name=\"twitter:data1\" content=\"3 minutos\" \/>\n<script type=\"application\/ld+json\" class=\"yoast-schema-graph\">{\"@context\":\"https:\\\/\\\/schema.org\",\"@graph\":[{\"@type\":\"WebPage\",\"@id\":\"https:\\\/\\\/eurowheelz.eu\\\/pt-pt\\\/politica-de-cookies\\\/\",\"url\":\"https:\\\/\\\/eurowheelz.eu\\\/pt-pt\\\/politica-de-cookies\\\/\",\"name\":\"Pol\u00edtica de cookies - EuroWheelz\",\"isPartOf\":{\"@id\":\"https:\\\/\\\/eurowheelz.eu\\\/pt-pt\\\/#website\"},\"datePublished\":\"2025-04-21T08:32:46+00:00\",\"dateModified\":\"2025-06-05T11:33:50+00:00\",\"breadcrumb\":{\"@id\":\"https:\\\/\\\/eurowheelz.eu\\\/pt-pt\\\/politica-de-cookies\\\/#breadcrumb\"},\"inLanguage\":\"pt-PT\",\"potentialAction\":[{\"@type\":\"ReadAction\",\"target\":[\"https:\\\/\\\/eurowheelz.eu\\\/pt-pt\\\/politica-de-cookies\\\/\"]}]},{\"@type\":\"BreadcrumbList\",\"@id\":\"https:\\\/\\\/eurowheelz.eu\\\/pt-pt\\\/politica-de-cookies\\\/#breadcrumb\",\"itemListElement\":[{\"@type\":\"ListItem\",\"position\":1,\"name\":\"Home\",\"item\":\"https:\\\/\\\/eurowheelz.eu\\\/pt-pt\\\/\"},{\"@type\":\"ListItem\",\"position\":2,\"name\":\"Pol\u00edtica de cookies\"}]},{\"@type\":\"WebSite\",\"@id\":\"https:\\\/\\\/eurowheelz.eu\\\/pt-pt\\\/#website\",\"url\":\"https:\\\/\\\/eurowheelz.eu\\\/pt-pt\\\/\",\"name\":\"EuroWheelz\",\"description\":\"The coolest rides!\",\"publisher\":{\"@id\":\"https:\\\/\\\/eurowheelz.eu\\\/pt-pt\\\/#organization\"},\"potentialAction\":[{\"@type\":\"SearchAction\",\"target\":{\"@type\":\"EntryPoint\",\"urlTemplate\":\"https:\\\/\\\/eurowheelz.eu\\\/pt-pt\\\/?s={search_term_string}\"},\"query-input\":{\"@type\":\"PropertyValueSpecification\",\"valueRequired\":true,\"valueName\":\"search_term_string\"}}],\"inLanguage\":\"pt-PT\"},{\"@type\":\"Organization\",\"@id\":\"https:\\\/\\\/eurowheelz.eu\\\/pt-pt\\\/#organization\",\"name\":\"EuroWheelz BV\",\"url\":\"https:\\\/\\\/eurowheelz.eu\\\/pt-pt\\\/\",\"logo\":{\"@type\":\"ImageObject\",\"inLanguage\":\"pt-PT\",\"@id\":\"https:\\\/\\\/eurowheelz.eu\\\/pt-pt\\\/#\\\/schema\\\/logo\\\/image\\\/\",\"url\":\"https:\\\/\\\/eurowheelz.eu\\\/wp-content\\\/uploads\\\/2025\\\/04\\\/favicon.png\",\"contentUrl\":\"https:\\\/\\\/eurowheelz.eu\\\/wp-content\\\/uploads\\\/2025\\\/04\\\/favicon.png\",\"width\":192,\"height\":192,\"caption\":\"EuroWheelz BV\"},\"image\":{\"@id\":\"https:\\\/\\\/eurowheelz.eu\\\/pt-pt\\\/#\\\/schema\\\/logo\\\/image\\\/\"},\"sameAs\":[\"https:\\\/\\\/www.facebook.com\\\/Eurowheelz.nl\",\"https:\\\/\\\/www.instagram.com\\\/eurowheelznl\\\/\",\"https:\\\/\\\/www.tiktok.com\\\/@eurowheelz\"]}]}<\/script>\n<!-- \/ Yoast SEO plugin. -->","yoast_head_json":{"title":"Pol\u00edtica de cookies - EuroWheelz","robots":{"index":"index","follow":"follow","max-snippet":"max-snippet:-1","max-image-preview":"max-image-preview:large","max-video-preview":"max-video-preview:-1"},"canonical":"https:\/\/eurowheelz.eu\/pt-pt\/politica-de-cookies\/","og_locale":"pt_PT","og_type":"article","og_title":"Pol\u00edtica de cookies - EuroWheelz","og_description":"Pol\u00edtica de cookies 1. Condi\u00e7\u00f5es Ao aceder a este s\u00edtio Web, acess\u00edvel a partir de https:\/\/www.eurowheelz.eu, o utilizador concorda em ficar vinculado aos presentes Termos e Condi\u00e7\u00f5es de Utiliza\u00e7\u00e3o do s\u00edtio Web e concorda que \u00e9 respons\u00e1vel pelo cumprimento de todas as leis locais aplic\u00e1veis. Se o utilizador n\u00e3o concordar com algum destes termos, est\u00e1 [&hellip;]","og_url":"https:\/\/eurowheelz.eu\/pt-pt\/politica-de-cookies\/","og_site_name":"EuroWheelz","article_publisher":"https:\/\/www.facebook.com\/Eurowheelz.nl","article_modified_time":"2025-06-05T11:33:50+00:00","twitter_card":"summary_large_image","twitter_misc":{"Tempo estimado de leitura":"3 minutos"},"schema":{"@context":"https:\/\/schema.org","@graph":[{"@type":"WebPage","@id":"https:\/\/eurowheelz.eu\/pt-pt\/politica-de-cookies\/","url":"https:\/\/eurowheelz.eu\/pt-pt\/politica-de-cookies\/","name":"Pol\u00edtica de cookies - EuroWheelz","isPartOf":{"@id":"https:\/\/eurowheelz.eu\/pt-pt\/#website"},"datePublished":"2025-04-21T08:32:46+00:00","dateModified":"2025-06-05T11:33:50+00:00","breadcrumb":{"@id":"https:\/\/eurowheelz.eu\/pt-pt\/politica-de-cookies\/#breadcrumb"},"inLanguage":"pt-PT","potentialAction":[{"@type":"ReadAction","target":["https:\/\/eurowheelz.eu\/pt-pt\/politica-de-cookies\/"]}]},{"@type":"BreadcrumbList","@id":"https:\/\/eurowheelz.eu\/pt-pt\/politica-de-cookies\/#breadcrumb","itemListElement":[{"@type":"ListItem","position":1,"name":"Home","item":"https:\/\/eurowheelz.eu\/pt-pt\/"},{"@type":"ListItem","position":2,"name":"Pol\u00edtica de cookies"}]},{"@type":"WebSite","@id":"https:\/\/eurowheelz.eu\/pt-pt\/#website","url":"https:\/\/eurowheelz.eu\/pt-pt\/","name":"EuroWheelz","description":"The coolest rides!","publisher":{"@id":"https:\/\/eurowheelz.eu\/pt-pt\/#organization"},"potentialAction":[{"@type":"SearchAction","target":{"@type":"EntryPoint","urlTemplate":"https:\/\/eurowheelz.eu\/pt-pt\/?s={search_term_string}"},"query-input":{"@type":"PropertyValueSpecification","valueRequired":true,"valueName":"search_term_string"}}],"inLanguage":"pt-PT"},{"@type":"Organization","@id":"https:\/\/eurowheelz.eu\/pt-pt\/#organization","name":"EuroWheelz BV","url":"https:\/\/eurowheelz.eu\/pt-pt\/","logo":{"@type":"ImageObject","inLanguage":"pt-PT","@id":"https:\/\/eurowheelz.eu\/pt-pt\/#\/schema\/logo\/image\/","url":"https:\/\/eurowheelz.eu\/wp-content\/uploads\/2025\/04\/favicon.png","contentUrl":"https:\/\/eurowheelz.eu\/wp-content\/uploads\/2025\/04\/favicon.png","width":192,"height":192,"caption":"EuroWheelz BV"},"image":{"@id":"https:\/\/eurowheelz.eu\/pt-pt\/#\/schema\/logo\/image\/"},"sameAs":["https:\/\/www.facebook.com\/Eurowheelz.nl","https:\/\/www.instagram.com\/eurowheelznl\/","https:\/\/www.tiktok.com\/@eurowheelz"]}]}},"_links":{"self":[{"href":"https:\/\/eurowheelz.eu\/pt-pt\/wp-json\/wp\/v2\/pages\/5536","targetHints":{"allow":["GET"]}}],"collection":[{"href":"https:\/\/eurowheelz.eu\/pt-pt\/wp-json\/wp\/v2\/pages"}],"about":[{"href":"https:\/\/eurowheelz.eu\/pt-pt\/wp-json\/wp\/v2\/types\/page"}],"author":[{"embeddable":true,"href":"https:\/\/eurowheelz.eu\/pt-pt\/wp-json\/wp\/v2\/users\/1"}],"replies":[{"embeddable":true,"href":"https:\/\/eurowheelz.eu\/pt-pt\/wp-json\/wp\/v2\/comments?post=5536"}],"version-history":[{"count":3,"href":"https:\/\/eurowheelz.eu\/pt-pt\/wp-json\/wp\/v2\/pages\/5536\/revisions"}],"predecessor-version":[{"id":5546,"href":"https:\/\/eurowheelz.eu\/pt-pt\/wp-json\/wp\/v2\/pages\/5536\/revisions\/5546"}],"wp:attachment":[{"href":"https:\/\/eurowheelz.eu\/pt-pt\/wp-json\/wp\/v2\/media?parent=5536"}],"curies":[{"name":"wp","href":"https:\/\/api.w.org\/{rel}","templated":true}]}}