{"id":5528,"date":"2025-04-21T08:28:55","date_gmt":"2025-04-21T08:28:55","guid":{"rendered":"https:\/\/eurowheelz.eu\/politica-de-privacidad\/"},"modified":"2025-06-05T11:33:47","modified_gmt":"2025-06-05T11:33:47","slug":"politica-de-privacidad","status":"publish","type":"page","link":"https:\/\/eurowheelz.eu\/es\/politica-de-privacidad\/","title":{"rendered":"Pol\u00edtica de privacidad"},"content":{"rendered":"\t\t<div data-elementor-type=\"wp-page\" data-elementor-id=\"5528\" class=\"elementor elementor-5528 elementor-1330\" data-elementor-post-type=\"page\">\n\t\t\t\t<div class=\"elementor-element elementor-element-abf9018 e-flex e-con-boxed e-con e-parent\" data-id=\"abf9018\" data-element_type=\"container\" data-e-type=\"container\">\n\t\t\t\t\t<div class=\"e-con-inner\">\n\t\t<div class=\"elementor-element elementor-element-124bc59 e-con-full e-flex e-con e-child\" data-id=\"124bc59\" data-element_type=\"container\" data-e-type=\"container\">\n\t\t\t\t<div class=\"elementor-element elementor-element-48e162a elementor-widget elementor-widget-heading\" data-id=\"48e162a\" data-element_type=\"widget\" data-e-type=\"widget\" data-widget_type=\"heading.default\">\n\t\t\t\t<div class=\"elementor-widget-container\">\n\t\t\t\t\t<h2 class=\"elementor-heading-title elementor-size-default\">DECLARACI\u00d3N DE PRIVACIDAD EUROWHEELZ B.V.<\/h2>\t\t\t\t<\/div>\n\t\t\t\t<\/div>\n\t\t\t\t<div class=\"elementor-element elementor-element-1896981 elementor-widget elementor-widget-text-editor\" data-id=\"1896981\" data-element_type=\"widget\" data-e-type=\"widget\" data-widget_type=\"text-editor.default\">\n\t\t\t\t<div class=\"elementor-widget-container\">\n\t\t\t\t\t\t\t\t\t<div class=\"\"><p>La empresa privada EuroWheelz B.V. con sede en Houten (\u201cEuroWheelz\u201d, \u201cnosotros\u201d, \u201cnos\u201d) procesa datos personales. En esta declaraci\u00f3n de privacidad, explicamos qu\u00e9 datos personales procesamos, sobre qu\u00e9 bases y con qu\u00e9 fines. <\/p><p>Cambiamos esta declaraci\u00f3n de privacidad de vez en cuando. La declaraci\u00f3n de privacidad m\u00e1s reciente puede consultarse en nuestro sitio web www.eurowheelz.nl. Esta versi\u00f3n es de diciembre de 2024.  <\/p><p><strong>\u00bfA qui\u00e9n se aplica este aviso de privacidad?<\/strong><\/p><p>Este aviso de privacidad se aplica a:<\/p><ul><li>personas cuyos datos personales tratamos en el contexto de nuestros servicios;<\/li><li>personas que visiten el sitio web www.eurowheelz.eu \/ www.eurowheelz.nl;<\/li><li>personas que reciben nuestro bolet\u00edn;<\/li><li>contactos de clientes (empresariales) o proveedores;<\/li><li>Personas que reservan un tour con nuestros E-choppers a trav\u00e9s de EuroWheelz y\/o nos alquilan un E-chopper;<\/li><li>personas que reserven una prueba de conducci\u00f3n;<\/li><li>personas que utilizan nuestro servicio;<\/li><li>personas que crean una cuenta en uno de nuestros sitios web;<\/li><li>personas que se ponen en contacto con nosotros por correo electr\u00f3nico, tel\u00e9fono o a trav\u00e9s del formulario de contacto de nuestros sitios web;<\/li><li>personas que se pongan en contacto con nosotros o de las que tratemos datos personales.<\/li><\/ul><p><strong>\u00bfQu\u00e9 t\u00e9rminos se utilizan en este aviso de privacidad?<\/strong><\/p><p>En esta declaraci\u00f3n de privacidad, los siguientes t\u00e9rminos tendr\u00e1n el significado que se indica a continuaci\u00f3n:<\/p><ul><li>usted\/su(s) persona(s) cuyos datos personales son tratados por nosotros;<\/li><li>datos personales cualquier dato que le concierna y\/o que pueda atribu\u00edrsele, como datos de identificaci\u00f3n, datos financieros y datos sobre sus dispositivos y su comportamiento en l\u00ednea;<\/li><li>tratamiento\/procesamiento cualquier operaci\u00f3n que implique datos personales, como el almacenamiento, la recogida, la organizaci\u00f3n, el tratamiento, el uso, la consulta y la supresi\u00f3n;<\/li><li>(U)AVG el Reglamento General de Protecci\u00f3n de Datos (RGPD) y su ley de desarrollo (UAVG).<\/li><\/ul><p><strong>\u00bfQu\u00e9 datos personales tratamos sobre usted con fines de alquiler?<\/strong><\/p><p>Los datos personales que tratamos de usted son:<\/p><ul><li>Datos personales que usted nos proporciona:<\/li><li>datos de contacto (apellidos, nombre, direcci\u00f3n de correo electr\u00f3nico y n\u00famero de tel\u00e9fono);<\/li><li>n\u00famero de permiso de conducir;<\/li><li>datos de la empresa;<\/li><li>datos para la prestaci\u00f3n de nuestros servicios (por ejemplo, inscripci\u00f3n, registro de veh\u00edculos, datos que necesitamos para el (re)alquiler de nuestros E-choppers por parte de nuestros socios consignatarios, puntos de emisi\u00f3n y gestores de nuestros E-choppers);<\/li><li>los datos que nos facilite al visitar nuestro sitio web y\/o nuestra tienda virtual;<\/li><li>datos financieros (incluido el n\u00famero de cuenta bancaria);<\/li><li>otros datos cuyo tratamiento exija la legislaci\u00f3n o la normativa aplicable.<\/li><li>Datos personales que hemos obtenido de otras fuentes;<\/li><li>datos de las empresas; datos del Registro Mercantil de la C\u00e1mara de Comercio;<\/li><li>datos de rese\u00f1as dejadas en google o canales de medios sociales.<\/li><li>otros datos cuyo tratamiento exija la legislaci\u00f3n o la normativa aplicable.<\/li><li>Datos personales que proporcionan informaci\u00f3n sobre el uso de nuestro sitio web y\/o tienda web (incluido el dispositivo que utiliza para visitar nuestro sitio web, ID del dispositivo, datos de localizaci\u00f3n, datos del ordenador y de la conexi\u00f3n, direcci\u00f3n IP)<\/li><\/ul><p><strong>\u00bfSobre qu\u00e9 bases y con qu\u00e9 fines tratamos sus datos personales en virtud de la AVG?<\/strong><\/p><p>EuroWheelz procesa sus datos personales sobre la base de uno o m\u00e1s de los siguientes fundamentos:<\/p><ol><li>cuando sea necesario para la ejecuci\u00f3n de un<u> acuerdo<\/u> del que usted sea parte o para la realizaci\u00f3n de actos precontractuales a petici\u00f3n suya;<\/li><li>cuando sea necesario para cumplir una <u>obligaci\u00f3n legal<\/u>;<\/li><li>cuando sea necesario para proteger nuestros <u>intereses leg\u00edtimos<\/u> o los intereses de un tercero;<\/li><li>cuando hayas dado tu <u>permiso<\/u>.<\/li><\/ol><p>EuroWheelz procesa los datos personales anteriores para los fines que se indican a continuaci\u00f3n:<\/p><p>Indicamos para cada finalidad en cu\u00e1l de las bases mencionadas se basa el tratamiento.<\/p><ul><li>para prestar los servicios solicitados;<\/li><li>acuerdo, obligaci\u00f3n legal, intereses leg\u00edtimos, consentimiento.<\/li><li>Prestar nuestros servicios en el \u00e1mbito del alquiler de E-chopper;<\/li><li>acuerdo, obligaci\u00f3n legal.<\/li><li>Para mantener nuestros registros;<\/li><li>obligaci\u00f3n legal, intereses leg\u00edtimos.<\/li><li>Para mantener el contacto con usted;<\/li><li>acuerdo, obligaci\u00f3n legal, intereses leg\u00edtimos, consentimiento.<\/li><li>Para llevar a cabo nuestras actividades de marketing y mantenerle informado;<\/li><li>intereses leg\u00edtimos, consentimiento.<\/li><li>Para cumplir con nuestras obligaciones legales y reglamentarias;<\/li><li>obligaci\u00f3n legal, intereses leg\u00edtimos.<\/li><\/ul><p><strong>\u00bfA qui\u00e9n facilitamos sus datos personales?<\/strong><\/p><p>EuroWheelz puede compartir sus datos personales con:<\/p><ul><li>proveedores (incluidos vendedores de software, contables, proveedores de alojamiento);<\/li><li>entidades jur\u00eddicas afiliadas a EuroWheelz, incluida Spyder Wheelz BV;<\/li><li>a nuestros socios consignatarios en relaci\u00f3n con la (re)contrataci\u00f3n de E-choppers;<\/li><li>otras partes, como organismos gubernamentales, tribunales y reguladores.<\/li><\/ul><p>EuroWheelz no proporcionar\u00e1 sus datos personales a terceros distintos de los mencionados anteriormente, a menos que sea necesario para lograr los fines establecidos en esta declaraci\u00f3n de privacidad, si EuroWheelz est\u00e1 bajo una obligaci\u00f3n legal o si usted nos ha dado su consentimiento expl\u00edcito. Los terceros a los que facilitamos los datos personales est\u00e1n obligados a mantener sus datos personales en secreto y adecuadamente protegidos. Si estas partes son designadas como \u201cprocesadores\u201d en el sentido de la AVG, celebraremos acuerdos de procesamiento con estas terceras partes.  <\/p><p><strong>Transferencia de datos personales a pa\u00edses no pertenecientes al Espacio Econ\u00f3mico Europeo (EEE)<\/strong><\/p><p>En principio, EuroWheelz procesa sus datos personales \u00fanicamente dentro del EEE. Si los datos personales se transfieren a un pa\u00eds fuera del EEE, EuroWheelz asegurar\u00e1 las salvaguardias adecuadas para garantizar que la transferencia se lleva a cabo de conformidad con la AVG. <strong> <\/strong><\/p><p><strong>Sitios web de terceros<\/strong><\/p><p>Nuestro sitio web contiene enlaces a nuestros canales en las redes sociales. EuroWheelz no es responsable de los sitios web de terceros ni de la forma en que estos traten sus datos personales. <\/p><p><strong>Seguridad<\/strong><\/p><p>EuroWheelz ha adoptado las medidas organizativas y t\u00e9cnicas adecuadas para proteger sus datos personales en la medida de lo posible contra el tratamiento no autorizado o il\u00edcito y contra la p\u00e9rdida, destrucci\u00f3n, da\u00f1o, modificaci\u00f3n o publicaci\u00f3n. Si tiene preguntas sobre la seguridad de sus datos personales o si sospecha de un uso indebido, p\u00f3ngase en contacto con nosotros. Nuestros datos de contacto figuran al final de esta declaraci\u00f3n.  <\/p><p><strong>\u00bfCu\u00e1nto tiempo conservamos sus datos personales?<\/strong><\/p><p>EuroWheelz no conservar\u00e1 sus datos personales de forma identificable durante m\u00e1s tiempo del necesario para alcanzar los fines establecidos en esta declaraci\u00f3n de privacidad. M\u00e1s concretamente, EuroWheelz aplica los siguientes periodos de conservaci\u00f3n: <\/p><ul><li>Datos relativos al acuerdo celebrado con usted<\/li><\/ul><p>Anonimizaremos sus datos que procesamos en nuestro sistema de reservas a m\u00e1s tardar 7 a\u00f1os despu\u00e9s de que nuestra relaci\u00f3n haya finalizado. Asumimos que nuestra relaci\u00f3n ha finalizado en el momento en que usted ya no realiza una nueva reserva con nosotros en los 7 a\u00f1os siguientes o un acuerdo entre usted y EuroWheelz ha sido rescindido por cualquiera de las partes. <\/p><ul><li>Datos financieros<\/li><\/ul><p>Conservamos nuestros registros financieros durante 10 a\u00f1os. Esto significa que todos sus datos y documentos relacionados con las transacciones financieras entre usted y EuroWheelz se conservar\u00e1n durante 10 a\u00f1os despu\u00e9s de su reserva. <\/p><ul><li>Datos que registramos durante los momentos de contacto<\/li><\/ul><p>Las llamadas telef\u00f3nicas y conversaciones de WhatsApp grabadas se eliminan en un plazo de 3 meses. Los mensajes de correo electr\u00f3nico que le enviemos o que recibamos y las reclamaciones que nos presente se conservar\u00e1n durante un m\u00e1ximo de 10 a\u00f1os. <\/p><ul><li>Rese\u00f1as<\/li><\/ul><p>Conservamos sus opiniones publicadas en nuestros sitios web durante un m\u00e1ximo de 2 a\u00f1os a partir de la publicaci\u00f3n de la opini\u00f3n. Una vez transcurrido el periodo de conservaci\u00f3n (legal), sus datos personales ser\u00e1n destruidos. Los periodos de conservaci\u00f3n (legal) pueden cambiar. Lo anterior no se aplica en caso de que exista una obligaci\u00f3n legal que nos obligue a conservar determinados datos personales durante m\u00e1s tiempo.   <\/p><p><strong> <\/strong><\/p><p><strong>Derecho a la intimidad<\/strong><\/p><p><strong> <\/strong>Usted tiene los siguientes derechos en relaci\u00f3n con el tratamiento que hacemos de sus datos personales:<\/p><ol><li>derecho a <u>acceder a<\/u> los datos personales que tratamos sobre usted;<\/li><li>derecho a que se <u>modifiquen o corrijan<\/u> sus datos personales si son incorrectos o est\u00e1n incompletos;<\/li><li>derecho a <u>oponerse<\/u> al tratamiento de sus datos personales si tiene un motivo leg\u00edtimo para ello;<\/li><li>derecho a <u>restringir el tratamiento de<\/u> sus datos personales en algunos casos;<\/li><li>derecho a solicitar la <u>transferencia de<\/u> sus datos personales a un tercero (\u201cderecho a la portabilidad de los datos\u201d);<\/li><li>derecho a la <u>supresi\u00f3n de<\/u> sus datos personales (\u201cderecho al olvido\u201d);<\/li><li>el derecho a <u>retirar el<\/u> <u>consentimiento <\/u>para el tratamiento de datos personales si el tratamiento se basa en su consentimiento. Esto incluye el derecho a darse de baja de nuestro bolet\u00edn de noticias o correos electr\u00f3nicos. La retirada de su consentimiento no afectar\u00e1 a la licitud del tratamiento de sus datos personales anterior a la retirada.  <strong> <\/strong><\/li><\/ol><p>Para ejercer sus derechos, p\u00f3ngase en contacto con nosotros en: info@eurowheelz.nl.<\/p><p>En el plazo de un mes a partir de la recepci\u00f3n de su solicitud, le comunicaremos si podemos atenderla. Este plazo puede prorrogarse dos meses en casos excepcionales, por ejemplo, si sus solicitudes son extensas. Le informaremos de dicha pr\u00f3rroga en el plazo de un mes a partir de la recepci\u00f3n de su solicitud.  <\/p><p>Es posible que no podamos o no se nos permita atender (totalmente) su(s) solicitud(es). Si rechazamos su solicitud (parcialmente), le explicaremos por qu\u00e9. <\/p><p>Para evitar facilitar informaci\u00f3n a la persona equivocada, podemos pedirle informaci\u00f3n adicional para verificar su identidad. No nos env\u00ede nunca una copia no solicitada de su documento de identidad. <\/p><p><strong> <\/strong><\/p><p><strong>\u00bfQui\u00e9n es responsable de sus datos personales?<\/strong><\/p><p>EuroWheelz es el responsable del tratamiento de sus datos personales. Estamos inscritos en el Registro Mercantil de la C\u00e1mara de Comercio como sigue: <\/p><p>Overijsselhaven 79<br>3433 PH Nieuwegein<br>N\u00famero KvK: 80826857<\/p><p><strong> <\/strong><\/p><p><strong>\u00bfTiene alguna pregunta o queja?<\/strong><strong> <\/strong><\/p><p>Si tiene preguntas sobre el tratamiento de sus datos personales y la protecci\u00f3n de su intimidad, p\u00f3ngase en contacto con nosotros: info@eurowheelz.eu\/ info@eurowheelz.nl<\/p><p>Si quiere presentar una queja sobre la forma en que procesamos sus datos personales, intentaremos llegar a un acuerdo con usted. Si esto no conduce al resultado deseado, puede ponerse en contacto con el regulador, la Autoridad de Datos Personales. <\/p><\/div>\t\t\t\t\t\t\t\t<\/div>\n\t\t\t\t<\/div>\n\t\t\t\t<\/div>\n\t\t\t\t\t<\/div>\n\t\t\t\t<\/div>\n\t\t\t\t<\/div>\n\t\t","protected":false},"excerpt":{"rendered":"<p>DECLARACI\u00d3N DE PRIVACIDAD EUROWHEELZ B.V. La empresa privada EuroWheelz B.V. con sede en Houten (\u201cEuroWheelz\u201d, \u201cnosotros\u201d, \u201cnos\u201d) procesa datos personales. En esta declaraci\u00f3n de privacidad, explicamos qu\u00e9 datos personales procesamos, sobre qu\u00e9 bases y con qu\u00e9 fines. Cambiamos esta declaraci\u00f3n de privacidad de vez en cuando. La declaraci\u00f3n de privacidad m\u00e1s reciente puede consultarse en [&hellip;]<\/p>\n","protected":false},"author":1,"featured_media":0,"parent":0,"menu_order":0,"comment_status":"closed","ping_status":"closed","template":"","meta":{"_acf_changed":false,"footnotes":""},"class_list":["post-5528","page","type-page","status-publish","hentry"],"acf":[],"yoast_head":"<!-- This site is optimized with the Yoast SEO plugin v27.3 - https:\/\/yoast.com\/product\/yoast-seo-wordpress\/ -->\n<title>Pol\u00edtica de privacidad - EuroWheelz<\/title>\n<meta name=\"robots\" content=\"index, follow, max-snippet:-1, max-image-preview:large, max-video-preview:-1\" \/>\n<link rel=\"canonical\" href=\"https:\/\/eurowheelz.eu\/es\/politica-de-privacidad\/\" \/>\n<meta property=\"og:locale\" content=\"es_ES\" \/>\n<meta property=\"og:type\" content=\"article\" \/>\n<meta property=\"og:title\" content=\"Pol\u00edtica de privacidad - EuroWheelz\" \/>\n<meta property=\"og:description\" content=\"DECLARACI\u00d3N DE PRIVACIDAD EUROWHEELZ B.V. La empresa privada EuroWheelz B.V. con sede en Houten (\u201cEuroWheelz\u201d, \u201cnosotros\u201d, \u201cnos\u201d) procesa datos personales. En esta declaraci\u00f3n de privacidad, explicamos qu\u00e9 datos personales procesamos, sobre qu\u00e9 bases y con qu\u00e9 fines. Cambiamos esta declaraci\u00f3n de privacidad de vez en cuando. La declaraci\u00f3n de privacidad m\u00e1s reciente puede consultarse en [&hellip;]\" \/>\n<meta property=\"og:url\" content=\"https:\/\/eurowheelz.eu\/es\/politica-de-privacidad\/\" \/>\n<meta property=\"og:site_name\" content=\"EuroWheelz\" \/>\n<meta property=\"article:publisher\" content=\"https:\/\/www.facebook.com\/Eurowheelz.nl\" \/>\n<meta property=\"article:modified_time\" content=\"2025-06-05T11:33:47+00:00\" \/>\n<meta name=\"twitter:card\" content=\"summary_large_image\" \/>\n<meta name=\"twitter:label1\" content=\"Tiempo de lectura\" \/>\n\t<meta name=\"twitter:data1\" content=\"9 minutos\" \/>\n<script type=\"application\/ld+json\" class=\"yoast-schema-graph\">{\"@context\":\"https:\\\/\\\/schema.org\",\"@graph\":[{\"@type\":\"WebPage\",\"@id\":\"https:\\\/\\\/eurowheelz.eu\\\/es\\\/politica-de-privacidad\\\/\",\"url\":\"https:\\\/\\\/eurowheelz.eu\\\/es\\\/politica-de-privacidad\\\/\",\"name\":\"Pol\u00edtica de privacidad - EuroWheelz\",\"isPartOf\":{\"@id\":\"https:\\\/\\\/eurowheelz.eu\\\/es\\\/#website\"},\"datePublished\":\"2025-04-21T08:28:55+00:00\",\"dateModified\":\"2025-06-05T11:33:47+00:00\",\"breadcrumb\":{\"@id\":\"https:\\\/\\\/eurowheelz.eu\\\/es\\\/politica-de-privacidad\\\/#breadcrumb\"},\"inLanguage\":\"es\",\"potentialAction\":[{\"@type\":\"ReadAction\",\"target\":[\"https:\\\/\\\/eurowheelz.eu\\\/es\\\/politica-de-privacidad\\\/\"]}]},{\"@type\":\"BreadcrumbList\",\"@id\":\"https:\\\/\\\/eurowheelz.eu\\\/es\\\/politica-de-privacidad\\\/#breadcrumb\",\"itemListElement\":[{\"@type\":\"ListItem\",\"position\":1,\"name\":\"Home\",\"item\":\"https:\\\/\\\/eurowheelz.eu\\\/es\\\/\"},{\"@type\":\"ListItem\",\"position\":2,\"name\":\"Pol\u00edtica de privacidad\"}]},{\"@type\":\"WebSite\",\"@id\":\"https:\\\/\\\/eurowheelz.eu\\\/es\\\/#website\",\"url\":\"https:\\\/\\\/eurowheelz.eu\\\/es\\\/\",\"name\":\"EuroWheelz\",\"description\":\"The coolest rides!\",\"publisher\":{\"@id\":\"https:\\\/\\\/eurowheelz.eu\\\/es\\\/#organization\"},\"potentialAction\":[{\"@type\":\"SearchAction\",\"target\":{\"@type\":\"EntryPoint\",\"urlTemplate\":\"https:\\\/\\\/eurowheelz.eu\\\/es\\\/?s={search_term_string}\"},\"query-input\":{\"@type\":\"PropertyValueSpecification\",\"valueRequired\":true,\"valueName\":\"search_term_string\"}}],\"inLanguage\":\"es\"},{\"@type\":\"Organization\",\"@id\":\"https:\\\/\\\/eurowheelz.eu\\\/es\\\/#organization\",\"name\":\"EuroWheelz BV\",\"url\":\"https:\\\/\\\/eurowheelz.eu\\\/es\\\/\",\"logo\":{\"@type\":\"ImageObject\",\"inLanguage\":\"es\",\"@id\":\"https:\\\/\\\/eurowheelz.eu\\\/es\\\/#\\\/schema\\\/logo\\\/image\\\/\",\"url\":\"https:\\\/\\\/eurowheelz.eu\\\/wp-content\\\/uploads\\\/2025\\\/04\\\/favicon.png\",\"contentUrl\":\"https:\\\/\\\/eurowheelz.eu\\\/wp-content\\\/uploads\\\/2025\\\/04\\\/favicon.png\",\"width\":192,\"height\":192,\"caption\":\"EuroWheelz BV\"},\"image\":{\"@id\":\"https:\\\/\\\/eurowheelz.eu\\\/es\\\/#\\\/schema\\\/logo\\\/image\\\/\"},\"sameAs\":[\"https:\\\/\\\/www.facebook.com\\\/Eurowheelz.nl\",\"https:\\\/\\\/www.instagram.com\\\/eurowheelznl\\\/\",\"https:\\\/\\\/www.tiktok.com\\\/@eurowheelz\"]}]}<\/script>\n<!-- \/ Yoast SEO plugin. -->","yoast_head_json":{"title":"Pol\u00edtica de privacidad - EuroWheelz","robots":{"index":"index","follow":"follow","max-snippet":"max-snippet:-1","max-image-preview":"max-image-preview:large","max-video-preview":"max-video-preview:-1"},"canonical":"https:\/\/eurowheelz.eu\/es\/politica-de-privacidad\/","og_locale":"es_ES","og_type":"article","og_title":"Pol\u00edtica de privacidad - EuroWheelz","og_description":"DECLARACI\u00d3N DE PRIVACIDAD EUROWHEELZ B.V. La empresa privada EuroWheelz B.V. con sede en Houten (\u201cEuroWheelz\u201d, \u201cnosotros\u201d, \u201cnos\u201d) procesa datos personales. En esta declaraci\u00f3n de privacidad, explicamos qu\u00e9 datos personales procesamos, sobre qu\u00e9 bases y con qu\u00e9 fines. Cambiamos esta declaraci\u00f3n de privacidad de vez en cuando. La declaraci\u00f3n de privacidad m\u00e1s reciente puede consultarse en [&hellip;]","og_url":"https:\/\/eurowheelz.eu\/es\/politica-de-privacidad\/","og_site_name":"EuroWheelz","article_publisher":"https:\/\/www.facebook.com\/Eurowheelz.nl","article_modified_time":"2025-06-05T11:33:47+00:00","twitter_card":"summary_large_image","twitter_misc":{"Tiempo de lectura":"9 minutos"},"schema":{"@context":"https:\/\/schema.org","@graph":[{"@type":"WebPage","@id":"https:\/\/eurowheelz.eu\/es\/politica-de-privacidad\/","url":"https:\/\/eurowheelz.eu\/es\/politica-de-privacidad\/","name":"Pol\u00edtica de privacidad - EuroWheelz","isPartOf":{"@id":"https:\/\/eurowheelz.eu\/es\/#website"},"datePublished":"2025-04-21T08:28:55+00:00","dateModified":"2025-06-05T11:33:47+00:00","breadcrumb":{"@id":"https:\/\/eurowheelz.eu\/es\/politica-de-privacidad\/#breadcrumb"},"inLanguage":"es","potentialAction":[{"@type":"ReadAction","target":["https:\/\/eurowheelz.eu\/es\/politica-de-privacidad\/"]}]},{"@type":"BreadcrumbList","@id":"https:\/\/eurowheelz.eu\/es\/politica-de-privacidad\/#breadcrumb","itemListElement":[{"@type":"ListItem","position":1,"name":"Home","item":"https:\/\/eurowheelz.eu\/es\/"},{"@type":"ListItem","position":2,"name":"Pol\u00edtica de privacidad"}]},{"@type":"WebSite","@id":"https:\/\/eurowheelz.eu\/es\/#website","url":"https:\/\/eurowheelz.eu\/es\/","name":"EuroWheelz","description":"The coolest rides!","publisher":{"@id":"https:\/\/eurowheelz.eu\/es\/#organization"},"potentialAction":[{"@type":"SearchAction","target":{"@type":"EntryPoint","urlTemplate":"https:\/\/eurowheelz.eu\/es\/?s={search_term_string}"},"query-input":{"@type":"PropertyValueSpecification","valueRequired":true,"valueName":"search_term_string"}}],"inLanguage":"es"},{"@type":"Organization","@id":"https:\/\/eurowheelz.eu\/es\/#organization","name":"EuroWheelz BV","url":"https:\/\/eurowheelz.eu\/es\/","logo":{"@type":"ImageObject","inLanguage":"es","@id":"https:\/\/eurowheelz.eu\/es\/#\/schema\/logo\/image\/","url":"https:\/\/eurowheelz.eu\/wp-content\/uploads\/2025\/04\/favicon.png","contentUrl":"https:\/\/eurowheelz.eu\/wp-content\/uploads\/2025\/04\/favicon.png","width":192,"height":192,"caption":"EuroWheelz BV"},"image":{"@id":"https:\/\/eurowheelz.eu\/es\/#\/schema\/logo\/image\/"},"sameAs":["https:\/\/www.facebook.com\/Eurowheelz.nl","https:\/\/www.instagram.com\/eurowheelznl\/","https:\/\/www.tiktok.com\/@eurowheelz"]}]}},"_links":{"self":[{"href":"https:\/\/eurowheelz.eu\/es\/wp-json\/wp\/v2\/pages\/5528","targetHints":{"allow":["GET"]}}],"collection":[{"href":"https:\/\/eurowheelz.eu\/es\/wp-json\/wp\/v2\/pages"}],"about":[{"href":"https:\/\/eurowheelz.eu\/es\/wp-json\/wp\/v2\/types\/page"}],"author":[{"embeddable":true,"href":"https:\/\/eurowheelz.eu\/es\/wp-json\/wp\/v2\/users\/1"}],"replies":[{"embeddable":true,"href":"https:\/\/eurowheelz.eu\/es\/wp-json\/wp\/v2\/comments?post=5528"}],"version-history":[{"count":1,"href":"https:\/\/eurowheelz.eu\/es\/wp-json\/wp\/v2\/pages\/5528\/revisions"}],"predecessor-version":[{"id":5530,"href":"https:\/\/eurowheelz.eu\/es\/wp-json\/wp\/v2\/pages\/5528\/revisions\/5530"}],"wp:attachment":[{"href":"https:\/\/eurowheelz.eu\/es\/wp-json\/wp\/v2\/media?parent=5528"}],"curies":[{"name":"wp","href":"https:\/\/api.w.org\/{rel}","templated":true}]}}