{"id":5525,"date":"2025-04-21T08:32:46","date_gmt":"2025-04-21T08:32:46","guid":{"rendered":"https:\/\/eurowheelz.eu\/politica-de-cookies\/"},"modified":"2025-06-05T11:33:47","modified_gmt":"2025-06-05T11:33:47","slug":"politica-de-cookies","status":"publish","type":"page","link":"https:\/\/eurowheelz.eu\/es\/politica-de-cookies\/","title":{"rendered":"Pol\u00edtica de cookies"},"content":{"rendered":"\t\t<div data-elementor-type=\"wp-page\" data-elementor-id=\"5525\" class=\"elementor elementor-5525 elementor-1342\" data-elementor-post-type=\"page\">\n\t\t\t\t<div class=\"elementor-element elementor-element-abf9018 e-flex e-con-boxed e-con e-parent\" data-id=\"abf9018\" data-element_type=\"container\" data-e-type=\"container\">\n\t\t\t\t\t<div class=\"e-con-inner\">\n\t\t<div class=\"elementor-element elementor-element-124bc59 e-con-full e-flex e-con e-child\" data-id=\"124bc59\" data-element_type=\"container\" data-e-type=\"container\">\n\t\t\t\t<div class=\"elementor-element elementor-element-48e162a elementor-widget elementor-widget-heading\" data-id=\"48e162a\" data-element_type=\"widget\" data-e-type=\"widget\" data-widget_type=\"heading.default\">\n\t\t\t\t<div class=\"elementor-widget-container\">\n\t\t\t\t\t<h2 class=\"elementor-heading-title elementor-size-default\">Pol\u00edtica de cookies<\/h2>\t\t\t\t<\/div>\n\t\t\t\t<\/div>\n\t\t\t\t<div class=\"elementor-element elementor-element-1896981 elementor-widget elementor-widget-text-editor\" data-id=\"1896981\" data-element_type=\"widget\" data-e-type=\"widget\" data-widget_type=\"text-editor.default\">\n\t\t\t\t<div class=\"elementor-widget-container\">\n\t\t\t\t\t\t\t\t\t<div class=\"\"><p>1. T\u00e9rminos<\/p><p>Al acceder a este sitio web, accesible desde https:\/\/www.eurowheelz.eu, usted acepta quedar vinculado por las presentes Condiciones de uso del sitio web y se declara responsable del cumplimiento de la legislaci\u00f3n local aplicable. Si no est\u00e1 de acuerdo con alguno de estos t\u00e9rminos, se le proh\u00edbe el acceso a este sitio. Los materiales contenidos en este sitio web est\u00e1n protegidos por la legislaci\u00f3n sobre derechos de autor y marcas.  <\/p><p>2. Licencia de uso<\/p><p>Se concede permiso para descargar temporalmente una copia de los materiales del sitio web de Eurowheelz s\u00f3lo para uso personal, no comercial y transitorio. Esta es la concesi\u00f3n de una licencia, no una transferencia de t\u00edtulo, y bajo esta licencia usted no puede: <\/p><p>modificar o copiar los materiales;<br>utilizar los materiales para cualquier prop\u00f3sito comercial o para cualquier exhibici\u00f3n p\u00fablica;<br>intentar realizar ingenier\u00eda inversa de cualquier software contenido en el sitio web de Eurowheelz;<br>eliminar cualquier derecho de autor u otras anotaciones de propiedad de los materiales; o<br>transferir los materiales a otra persona o \u201creflejar\u201d los materiales en cualquier otro servidor.<br>Esto permitir\u00e1 a Eurowheelz terminar en caso de violaci\u00f3n de cualquiera de estas restricciones. Tras la rescisi\u00f3n, tambi\u00e9n se rescindir\u00e1 su derecho de visualizaci\u00f3n y deber\u00e1 destruir cualquier material descargado que posea, ya sea en formato impreso o electr\u00f3nico. Estas Condiciones de Servicio han sido creadas con la ayuda del Generador de Condiciones de Servicio.  <\/p><p>3. Descargo de responsabilidad<\/p><p>Todos los materiales del sitio web de Eurowheelz se proporcionan \u201ctal cual\u201d. Eurowheelz no ofrece ninguna garant\u00eda, ya sea expresa o impl\u00edcita, por lo que niega cualquier otra garant\u00eda. Adem\u00e1s, Eurowheelz no hace ninguna representaci\u00f3n con respecto a la exactitud o fiabilidad de la utilizaci\u00f3n de los materiales en su sitio web o de otro tipo relativa a dichos materiales o cualquier sitio vinculado a este sitio web.  <\/p><p>4. Limitaciones<\/p><p>Eurowheelz o sus proveedores no ser\u00e1n responsables de cualquier da\u00f1o que surja con el uso o la imposibilidad de usar los materiales en el sitio web de Eurowheelz, incluso si Eurowheelz o un representante autorizado de este sitio web ha sido notificado, oralmente o por escrito, de la posibilidad de tales da\u00f1os. Algunas jurisdicciones no permiten limitaciones en las garant\u00edas impl\u00edcitas o limitaciones de responsabilidad por da\u00f1os incidentales, estas limitaciones pueden no aplicarse a usted. <\/p><p>5. Revisiones y erratas<\/p><p>Los materiales que aparecen en el sitio web de Eurowheelz pueden incluir errores t\u00e9cnicos, tipogr\u00e1ficos o fotogr\u00e1ficos. Eurowheelz no promete que ninguno de los materiales de este Sitio Web sea exacto, completo o actual. Eurowheelz puede cambiar los materiales contenidos en su sitio web en cualquier momento sin previo aviso. Eurowheelz no se compromete a actualizar los materiales.   <\/p><p>6. Izquierda<\/p><p>Eurowheelz no ha revisado todos los sitios vinculados a su Sitio Web y no es responsable de los contenidos de dichos sitios vinculados. La presencia de cualquier enlace no implica la aprobaci\u00f3n del sitio por parte de Eurowheelz. El uso de cualquier sitio web enlazado es por cuenta y riesgo del usuario.  <\/p><p>7. Modificaciones de las condiciones de uso del sitio<\/p><p>Eurowheelz podr\u00e1 revisar estas Condiciones de Uso de su Sitio Web en cualquier momento y sin previo aviso. Al utilizar este sitio web, usted acepta quedar vinculado por la versi\u00f3n actual de estos T\u00e9rminos y Condiciones de Uso. <\/p><p>8. Su intimidad<\/p><p>Lea nuestra Pol\u00edtica de privacidad.<\/p><p>9. Derecho aplicable<\/p><p>Cualquier reclamaci\u00f3n relacionada con el Sitio Web de Eurowheelz se regir\u00e1 por las leyes de af sin tener en cuenta su conflicto de disposiciones legales.<\/p><\/div>\t\t\t\t\t\t\t\t<\/div>\n\t\t\t\t<\/div>\n\t\t\t\t<\/div>\n\t\t\t\t\t<\/div>\n\t\t\t\t<\/div>\n\t\t\t\t<\/div>\n\t\t","protected":false},"excerpt":{"rendered":"<p>Pol\u00edtica de cookies 1. T\u00e9rminos Al acceder a este sitio web, accesible desde https:\/\/www.eurowheelz.eu, usted acepta quedar vinculado por las presentes Condiciones de uso del sitio web y se declara responsable del cumplimiento de la legislaci\u00f3n local aplicable. Si no est\u00e1 de acuerdo con alguno de estos t\u00e9rminos, se le proh\u00edbe el acceso a este [&hellip;]<\/p>\n","protected":false},"author":1,"featured_media":0,"parent":0,"menu_order":0,"comment_status":"closed","ping_status":"closed","template":"","meta":{"_acf_changed":false,"footnotes":""},"class_list":["post-5525","page","type-page","status-publish","hentry"],"acf":[],"yoast_head":"<!-- This site is optimized with the Yoast SEO plugin v27.3 - https:\/\/yoast.com\/product\/yoast-seo-wordpress\/ -->\n<title>Pol\u00edtica de cookies - EuroWheelz<\/title>\n<meta name=\"robots\" content=\"index, follow, max-snippet:-1, max-image-preview:large, max-video-preview:-1\" \/>\n<link rel=\"canonical\" href=\"https:\/\/eurowheelz.eu\/es\/politica-de-cookies\/\" \/>\n<meta property=\"og:locale\" content=\"es_ES\" \/>\n<meta property=\"og:type\" content=\"article\" \/>\n<meta property=\"og:title\" content=\"Pol\u00edtica de cookies - EuroWheelz\" \/>\n<meta property=\"og:description\" content=\"Pol\u00edtica de cookies 1. T\u00e9rminos Al acceder a este sitio web, accesible desde https:\/\/www.eurowheelz.eu, usted acepta quedar vinculado por las presentes Condiciones de uso del sitio web y se declara responsable del cumplimiento de la legislaci\u00f3n local aplicable. Si no est\u00e1 de acuerdo con alguno de estos t\u00e9rminos, se le proh\u00edbe el acceso a este [&hellip;]\" \/>\n<meta property=\"og:url\" content=\"https:\/\/eurowheelz.eu\/es\/politica-de-cookies\/\" \/>\n<meta property=\"og:site_name\" content=\"EuroWheelz\" \/>\n<meta property=\"article:publisher\" content=\"https:\/\/www.facebook.com\/Eurowheelz.nl\" \/>\n<meta property=\"article:modified_time\" content=\"2025-06-05T11:33:47+00:00\" \/>\n<meta name=\"twitter:card\" content=\"summary_large_image\" \/>\n<meta name=\"twitter:label1\" content=\"Tiempo de lectura\" \/>\n\t<meta name=\"twitter:data1\" content=\"3 minutos\" \/>\n<script type=\"application\/ld+json\" class=\"yoast-schema-graph\">{\"@context\":\"https:\\\/\\\/schema.org\",\"@graph\":[{\"@type\":\"WebPage\",\"@id\":\"https:\\\/\\\/eurowheelz.eu\\\/es\\\/politica-de-cookies\\\/\",\"url\":\"https:\\\/\\\/eurowheelz.eu\\\/es\\\/politica-de-cookies\\\/\",\"name\":\"Pol\u00edtica de cookies - EuroWheelz\",\"isPartOf\":{\"@id\":\"https:\\\/\\\/eurowheelz.eu\\\/es\\\/#website\"},\"datePublished\":\"2025-04-21T08:32:46+00:00\",\"dateModified\":\"2025-06-05T11:33:47+00:00\",\"breadcrumb\":{\"@id\":\"https:\\\/\\\/eurowheelz.eu\\\/es\\\/politica-de-cookies\\\/#breadcrumb\"},\"inLanguage\":\"es\",\"potentialAction\":[{\"@type\":\"ReadAction\",\"target\":[\"https:\\\/\\\/eurowheelz.eu\\\/es\\\/politica-de-cookies\\\/\"]}]},{\"@type\":\"BreadcrumbList\",\"@id\":\"https:\\\/\\\/eurowheelz.eu\\\/es\\\/politica-de-cookies\\\/#breadcrumb\",\"itemListElement\":[{\"@type\":\"ListItem\",\"position\":1,\"name\":\"Home\",\"item\":\"https:\\\/\\\/eurowheelz.eu\\\/es\\\/\"},{\"@type\":\"ListItem\",\"position\":2,\"name\":\"Pol\u00edtica de cookies\"}]},{\"@type\":\"WebSite\",\"@id\":\"https:\\\/\\\/eurowheelz.eu\\\/es\\\/#website\",\"url\":\"https:\\\/\\\/eurowheelz.eu\\\/es\\\/\",\"name\":\"EuroWheelz\",\"description\":\"The coolest rides!\",\"publisher\":{\"@id\":\"https:\\\/\\\/eurowheelz.eu\\\/es\\\/#organization\"},\"potentialAction\":[{\"@type\":\"SearchAction\",\"target\":{\"@type\":\"EntryPoint\",\"urlTemplate\":\"https:\\\/\\\/eurowheelz.eu\\\/es\\\/?s={search_term_string}\"},\"query-input\":{\"@type\":\"PropertyValueSpecification\",\"valueRequired\":true,\"valueName\":\"search_term_string\"}}],\"inLanguage\":\"es\"},{\"@type\":\"Organization\",\"@id\":\"https:\\\/\\\/eurowheelz.eu\\\/es\\\/#organization\",\"name\":\"EuroWheelz BV\",\"url\":\"https:\\\/\\\/eurowheelz.eu\\\/es\\\/\",\"logo\":{\"@type\":\"ImageObject\",\"inLanguage\":\"es\",\"@id\":\"https:\\\/\\\/eurowheelz.eu\\\/es\\\/#\\\/schema\\\/logo\\\/image\\\/\",\"url\":\"https:\\\/\\\/eurowheelz.eu\\\/wp-content\\\/uploads\\\/2025\\\/04\\\/favicon.png\",\"contentUrl\":\"https:\\\/\\\/eurowheelz.eu\\\/wp-content\\\/uploads\\\/2025\\\/04\\\/favicon.png\",\"width\":192,\"height\":192,\"caption\":\"EuroWheelz BV\"},\"image\":{\"@id\":\"https:\\\/\\\/eurowheelz.eu\\\/es\\\/#\\\/schema\\\/logo\\\/image\\\/\"},\"sameAs\":[\"https:\\\/\\\/www.facebook.com\\\/Eurowheelz.nl\",\"https:\\\/\\\/www.instagram.com\\\/eurowheelznl\\\/\",\"https:\\\/\\\/www.tiktok.com\\\/@eurowheelz\"]}]}<\/script>\n<!-- \/ Yoast SEO plugin. -->","yoast_head_json":{"title":"Pol\u00edtica de cookies - EuroWheelz","robots":{"index":"index","follow":"follow","max-snippet":"max-snippet:-1","max-image-preview":"max-image-preview:large","max-video-preview":"max-video-preview:-1"},"canonical":"https:\/\/eurowheelz.eu\/es\/politica-de-cookies\/","og_locale":"es_ES","og_type":"article","og_title":"Pol\u00edtica de cookies - EuroWheelz","og_description":"Pol\u00edtica de cookies 1. T\u00e9rminos Al acceder a este sitio web, accesible desde https:\/\/www.eurowheelz.eu, usted acepta quedar vinculado por las presentes Condiciones de uso del sitio web y se declara responsable del cumplimiento de la legislaci\u00f3n local aplicable. Si no est\u00e1 de acuerdo con alguno de estos t\u00e9rminos, se le proh\u00edbe el acceso a este [&hellip;]","og_url":"https:\/\/eurowheelz.eu\/es\/politica-de-cookies\/","og_site_name":"EuroWheelz","article_publisher":"https:\/\/www.facebook.com\/Eurowheelz.nl","article_modified_time":"2025-06-05T11:33:47+00:00","twitter_card":"summary_large_image","twitter_misc":{"Tiempo de lectura":"3 minutos"},"schema":{"@context":"https:\/\/schema.org","@graph":[{"@type":"WebPage","@id":"https:\/\/eurowheelz.eu\/es\/politica-de-cookies\/","url":"https:\/\/eurowheelz.eu\/es\/politica-de-cookies\/","name":"Pol\u00edtica de cookies - EuroWheelz","isPartOf":{"@id":"https:\/\/eurowheelz.eu\/es\/#website"},"datePublished":"2025-04-21T08:32:46+00:00","dateModified":"2025-06-05T11:33:47+00:00","breadcrumb":{"@id":"https:\/\/eurowheelz.eu\/es\/politica-de-cookies\/#breadcrumb"},"inLanguage":"es","potentialAction":[{"@type":"ReadAction","target":["https:\/\/eurowheelz.eu\/es\/politica-de-cookies\/"]}]},{"@type":"BreadcrumbList","@id":"https:\/\/eurowheelz.eu\/es\/politica-de-cookies\/#breadcrumb","itemListElement":[{"@type":"ListItem","position":1,"name":"Home","item":"https:\/\/eurowheelz.eu\/es\/"},{"@type":"ListItem","position":2,"name":"Pol\u00edtica de cookies"}]},{"@type":"WebSite","@id":"https:\/\/eurowheelz.eu\/es\/#website","url":"https:\/\/eurowheelz.eu\/es\/","name":"EuroWheelz","description":"The coolest rides!","publisher":{"@id":"https:\/\/eurowheelz.eu\/es\/#organization"},"potentialAction":[{"@type":"SearchAction","target":{"@type":"EntryPoint","urlTemplate":"https:\/\/eurowheelz.eu\/es\/?s={search_term_string}"},"query-input":{"@type":"PropertyValueSpecification","valueRequired":true,"valueName":"search_term_string"}}],"inLanguage":"es"},{"@type":"Organization","@id":"https:\/\/eurowheelz.eu\/es\/#organization","name":"EuroWheelz BV","url":"https:\/\/eurowheelz.eu\/es\/","logo":{"@type":"ImageObject","inLanguage":"es","@id":"https:\/\/eurowheelz.eu\/es\/#\/schema\/logo\/image\/","url":"https:\/\/eurowheelz.eu\/wp-content\/uploads\/2025\/04\/favicon.png","contentUrl":"https:\/\/eurowheelz.eu\/wp-content\/uploads\/2025\/04\/favicon.png","width":192,"height":192,"caption":"EuroWheelz BV"},"image":{"@id":"https:\/\/eurowheelz.eu\/es\/#\/schema\/logo\/image\/"},"sameAs":["https:\/\/www.facebook.com\/Eurowheelz.nl","https:\/\/www.instagram.com\/eurowheelznl\/","https:\/\/www.tiktok.com\/@eurowheelz"]}]}},"_links":{"self":[{"href":"https:\/\/eurowheelz.eu\/es\/wp-json\/wp\/v2\/pages\/5525","targetHints":{"allow":["GET"]}}],"collection":[{"href":"https:\/\/eurowheelz.eu\/es\/wp-json\/wp\/v2\/pages"}],"about":[{"href":"https:\/\/eurowheelz.eu\/es\/wp-json\/wp\/v2\/types\/page"}],"author":[{"embeddable":true,"href":"https:\/\/eurowheelz.eu\/es\/wp-json\/wp\/v2\/users\/1"}],"replies":[{"embeddable":true,"href":"https:\/\/eurowheelz.eu\/es\/wp-json\/wp\/v2\/comments?post=5525"}],"version-history":[{"count":1,"href":"https:\/\/eurowheelz.eu\/es\/wp-json\/wp\/v2\/pages\/5525\/revisions"}],"predecessor-version":[{"id":5526,"href":"https:\/\/eurowheelz.eu\/es\/wp-json\/wp\/v2\/pages\/5525\/revisions\/5526"}],"wp:attachment":[{"href":"https:\/\/eurowheelz.eu\/es\/wp-json\/wp\/v2\/media?parent=5525"}],"curies":[{"name":"wp","href":"https:\/\/api.w.org\/{rel}","templated":true}]}}