{"id":5519,"date":"2025-04-21T08:28:55","date_gmt":"2025-04-21T08:28:55","guid":{"rendered":"https:\/\/eurowheelz.eu\/datenschutzbestimmungen\/"},"modified":"2025-06-05T11:33:46","modified_gmt":"2025-06-05T11:33:46","slug":"datenschutzbestimmungen","status":"publish","type":"page","link":"https:\/\/eurowheelz.eu\/de\/datenschutzbestimmungen\/","title":{"rendered":"Datenschutzbestimmungen"},"content":{"rendered":"\t\t<div data-elementor-type=\"wp-page\" data-elementor-id=\"5519\" class=\"elementor elementor-5519 elementor-1330\" data-elementor-post-type=\"page\">\n\t\t\t\t<div class=\"elementor-element elementor-element-abf9018 e-flex e-con-boxed e-con e-parent\" data-id=\"abf9018\" data-element_type=\"container\" data-e-type=\"container\">\n\t\t\t\t\t<div class=\"e-con-inner\">\n\t\t<div class=\"elementor-element elementor-element-124bc59 e-con-full e-flex e-con e-child\" data-id=\"124bc59\" data-element_type=\"container\" data-e-type=\"container\">\n\t\t\t\t<div class=\"elementor-element elementor-element-48e162a elementor-widget elementor-widget-heading\" data-id=\"48e162a\" data-element_type=\"widget\" data-e-type=\"widget\" data-widget_type=\"heading.default\">\n\t\t\t\t<div class=\"elementor-widget-container\">\n\t\t\t\t\t<h2 class=\"elementor-heading-title elementor-size-default\">DATENSCHUTZERKL\u00c4RUNG EUROWHEELZ B.V.<\/h2>\t\t\t\t<\/div>\n\t\t\t\t<\/div>\n\t\t\t\t<div class=\"elementor-element elementor-element-1896981 elementor-widget elementor-widget-text-editor\" data-id=\"1896981\" data-element_type=\"widget\" data-e-type=\"widget\" data-widget_type=\"text-editor.default\">\n\t\t\t\t<div class=\"elementor-widget-container\">\n\t\t\t\t\t\t\t\t\t<div class=\"\"><p>Das Privatunternehmen EuroWheelz B.V. mit Sitz in Houten (\u201eEuroWheelz\u201c, \u201ewir\u201c, \u201euns\u201c) verarbeitet personenbezogene Daten. In dieser Datenschutzerkl\u00e4rung erl\u00e4utern wir, welche personenbezogenen Daten wir verarbeiten, auf welcher Grundlage und zu welchem Zweck. <\/p><p>Wir \u00e4ndern diese Erkl\u00e4rung zum Datenschutz von Zeit zu Zeit. Die aktuellste Datenschutzerkl\u00e4rung finden Sie auf unserer Website unter www.eurowheelz.nl. Diese Version ist vom Dezember 2024.  <\/p><p><strong>F\u00fcr wen gilt dieser Datenschutzhinweis?<\/strong><\/p><p>Dieser Datenschutzhinweis gilt f\u00fcr:<\/p><ul><li>Personen, deren personenbezogene Daten wir im Rahmen unserer Dienstleistungen verarbeiten;<\/li><li>Personen, die die Website www.eurowheelz.eu \/ www.eurowheelz.nl besuchen;<\/li><li>Personen, die einen Newsletter von uns erhalten;<\/li><li>Kontakte von (Gesch\u00e4fts-)Kunden oder Lieferanten;<\/li><li>Personen, die eine Tour mit unseren E-Choppern \u00fcber EuroWheelz buchen und\/oder einen E-Chopper bei uns mieten;<\/li><li>Personen, die eine Probefahrt buchen;<\/li><li>Personen, die unseren Dienst nutzen;<\/li><li>Personen, die ein Konto auf einer unserer Websites erstellen;<\/li><li>Personen, die uns per E-Mail, Telefon oder \u00fcber das Kontaktformular auf unseren Websites kontaktieren;<\/li><li>Personen, die uns anderweitig kontaktieren oder von denen wir anderweitig personenbezogene Daten verarbeiten.<\/li><\/ul><p><strong>Welche Begriffe werden in diesem Datenschutzhinweis verwendet?<\/strong><\/p><p>In dieser Datenschutzerkl\u00e4rung haben die folgenden Begriffe die folgende Bedeutung:<\/p><ul><li>Sie\/Ihr(w)die Person, deren personenbezogene Daten von uns verarbeitet werden;<\/li><li>personenbezogene Daten alle Daten, die sich auf Sie beziehen und\/oder zu Ihnen zur\u00fcckverfolgt werden k\u00f6nnen, wie z. B. Identifikationsdaten, Finanzdaten und Daten \u00fcber Ihre Ger\u00e4te und Ihr Online-Verhalten;<\/li><li>Verarbeitung jeder Vorgang, der personenbezogene Daten betrifft, wie Speicherung, Erhebung, Organisation, Verarbeitung, Nutzung, Abfrage und L\u00f6schung;<\/li><li>(U)AVG die Allgemeine Datenschutzverordnung (GDPR) und ihr Durchf\u00fchrungsgesetz (UAVG).<\/li><\/ul><p><strong>Welche personenbezogenen Daten verarbeiten wir \u00fcber Sie zu Vermietungszwecken?<\/strong><\/p><p>Die personenbezogenen Daten, die wir von Ihnen verarbeiten, sind:<\/p><ul><li>Pers\u00f6nliche Daten, die uns von Ihnen zur Verf\u00fcgung gestellt werden:<\/li><li>Kontaktangaben (einschlie\u00dflich Name, Vorname, E-Mail-Adresse, Telefonnummer);<\/li><li>Nummer des F\u00fchrerscheins;<\/li><li>Details zum Unternehmen;<\/li><li>Daten, die wir f\u00fcr die Erbringung unserer Dienstleistungen ben\u00f6tigen (z.B. Anmeldung, Fahrzeugregistrierung, Daten, die wir f\u00fcr die (Wieder-)Anmietung unserer E-Chopper von unseren Konsignationspartnern, Ausgabestellen und den Verwaltern unserer E-Chopper ben\u00f6tigen);<\/li><li>Daten, die Sie uns beim Besuch unserer Website und\/oder unseres Webshops zur Verf\u00fcgung stellen;<\/li><li>Finanzdaten (einschlie\u00dflich Bankkontonummer);<\/li><li>andere Daten, deren Verarbeitung nach den geltenden Gesetzen oder Vorschriften erforderlich ist.<\/li><li>Personenbezogene Daten, die wir aus anderen Quellen erhalten haben;<\/li><li>Unternehmensdaten; Daten aus dem Handelsregister der Handelskammer;<\/li><li>Daten aus Bewertungen auf Google oder in sozialen Medien.<\/li><li>andere Daten, deren Verarbeitung nach den geltenden Gesetzen oder Vorschriften erforderlich ist.<\/li><li>Pers\u00f6nliche Daten, die Aufschluss \u00fcber die Nutzung unserer Website und\/oder unseres Webshops geben (einschlie\u00dflich des Ger\u00e4ts, das Sie zum Besuch unserer Website verwenden, Ger\u00e4te-ID, Standortdaten, Computer- und Verbindungsdaten, IP-Adresse)<\/li><\/ul><p><strong>Auf welchen Grundlagen des AVG und zu welchen Zwecken verarbeiten wir Ihre personenbezogenen Daten?<\/strong><\/p><p>EuroWheelz verarbeitet Ihre pers\u00f6nlichen Daten auf der Grundlage einer oder mehrerer der folgenden Grundlagen:<\/p><ol><li>wenn dies f\u00fcr die Erf\u00fcllung einer<u> Vereinbarung<\/u>, an der Sie beteiligt sind, oder f\u00fcr die Durchf\u00fchrung vorvertraglicher Ma\u00dfnahmen auf Ihren Wunsch hin erforderlich ist;<\/li><li>wenn dies zur Erf\u00fcllung einer <u>rechtlichen Verpflichtung<\/u> erforderlich ist;<\/li><li>wenn dies zur Wahrung unserer <u>berechtigten Interessen<\/u> oder der Interessen eines Dritten erforderlich ist;<\/li><li>wenn Sie <u>Ihre Zustimmung<\/u> gegeben haben.<\/li><\/ol><p>EuroWheelz verarbeitet die oben genannten personenbezogenen Daten f\u00fcr die nachstehenden Zwecke:<\/p><p>Wir geben f\u00fcr jeden Zweck an, auf welcher der vorgenannten Grundlagen die Verarbeitung erfolgt.<\/p><ul><li>um die angeforderten Dienstleistungen zu erbringen;<\/li><li>Zustimmung, rechtliche Verpflichtung, legitime Interessen, Einwilligung.<\/li><li>Erbringung unserer Dienstleistungen im Bereich der Vermietung von Elektrohackern;<\/li><li>Vereinbarung, rechtliche Verpflichtung.<\/li><li>Zur Aufbewahrung unserer Unterlagen;<\/li><li>rechtliche Verpflichtung, berechtigte Interessen.<\/li><li>Um mit Ihnen in Kontakt zu bleiben;<\/li><li>Zustimmung, rechtliche Verpflichtung, legitime Interessen, Einwilligung.<\/li><li>Um unsere Marketingaktivit\u00e4ten durchzuf\u00fchren und Sie auf dem Laufenden zu halten;<\/li><li>berechtigte Interessen, Zustimmung.<\/li><li>Zur Erf\u00fcllung unserer rechtlichen und regulatorischen Verpflichtungen;<\/li><li>rechtliche Verpflichtung, berechtigte Interessen.<\/li><\/ul><p><strong>An wen geben wir Ihre personenbezogenen Daten weiter?<\/strong><\/p><p>EuroWheelz kann Ihre pers\u00f6nlichen Daten weitergeben an:<\/p><ul><li>Lieferanten (einschlie\u00dflich Software-Anbieter, Buchhalter, Hosting-Anbieter);<\/li><li>mit EuroWheelz verbundene juristische Personen, einschlie\u00dflich Spyder Wheelz BV;<\/li><li>an unsere Konsignationspartner im Zusammenhang mit der (Wieder-)Anmietung von E-Choppern;<\/li><li>andere Parteien wie Regierungsbeh\u00f6rden, Gerichte und Aufsichtsbeh\u00f6rden.<\/li><\/ul><p>EuroWheelz gibt Ihre personenbezogenen Daten nicht an andere als die oben genannten Stellen weiter, es sei denn, dies ist zur Erf\u00fcllung der in dieser Datenschutzerkl\u00e4rung genannten Zwecke erforderlich, EuroWheelz ist dazu gesetzlich verpflichtet oder Sie haben uns Ihre ausdr\u00fcckliche Zustimmung erteilt. Die Dritten, denen wir die personenbezogenen Daten zur Verf\u00fcgung stellen, sind verpflichtet, Ihre personenbezogenen Daten geheim zu halten und angemessen zu sichern. Sofern diese Dritten als \u201eAuftragsverarbeiter\u201c im Sinne des AVG bezeichnet werden, schlie\u00dfen wir mit diesen Dritten Auftragsverarbeitungsvertr\u00e4ge ab.  <\/p><p><strong>\u00dcbermittlung von personenbezogenen Daten in L\u00e4nder au\u00dferhalb des Europ\u00e4ischen Wirtschaftsraums (EWR)<\/strong><\/p><p>Grunds\u00e4tzlich verarbeitet EuroWheelz Ihre personenbezogenen Daten nur innerhalb des EWR. Werden personenbezogene Daten in ein Land au\u00dferhalb des EWR \u00fcbertragen, sorgt EuroWheelz f\u00fcr angemessene Schutzma\u00dfnahmen, um zu gew\u00e4hrleisten, dass die \u00dcbertragung in \u00dcbereinstimmung mit dem AVG erfolgt. <strong> <\/strong><\/p><p><strong>Websites von Dritten<\/strong><\/p><p>Unsere Website enth\u00e4lt Links zu unseren Social-Media-Kan\u00e4len. EuroWheelz ist nicht verantwortlich f\u00fcr die Websites Dritter und die Art und Weise, wie diese mit Ihren pers\u00f6nlichen Daten umgehen. <\/p><p><strong>Sicherheit<\/strong><\/p><p>EuroWheelz hat geeignete organisatorische und technische Ma\u00dfnahmen getroffen, um Ihre personenbezogenen Daten so weit wie m\u00f6glich gegen unbefugte oder unrechtm\u00e4\u00dfige Verarbeitung und gegen Verlust, Zerst\u00f6rung, Besch\u00e4digung, Ver\u00e4nderung oder Ver\u00f6ffentlichung zu sch\u00fctzen. Bei Fragen zur Sicherheit Ihrer pers\u00f6nlichen Daten oder bei Verdacht auf Missbrauch wenden Sie sich bitte an uns. Unsere Kontaktdaten finden Sie am Ende dieser Erkl\u00e4rung.  <\/p><p><strong>Wie lange bewahren wir Ihre personenbezogenen Daten auf?<\/strong><\/p><p>EuroWheelz speichert Ihre personenbezogenen Daten in identifizierbarer Form nicht l\u00e4nger, als es f\u00fcr die Erreichung der in dieser Datenschutzerkl\u00e4rung genannten Zwecke erforderlich ist. Im Einzelnen wendet EuroWheelz die folgenden Aufbewahrungsfristen an: <\/p><ul><li>Daten im Zusammenhang mit dem mit Ihnen geschlossenen Vertrag<\/li><\/ul><p>Wir werden Ihre Daten, die wir in unserem Reservierungssystem verarbeiten, sp\u00e4testens 7 Jahre nach Beendigung unserer Beziehung anonymisieren. Wir gehen davon aus, dass unsere Beziehung in dem Moment beendet ist, in dem Sie in den folgenden 7 Jahren keine neue Buchung mehr bei uns vornehmen oder eine Vereinbarung zwischen Ihnen und EuroWheelz von einer der beiden Parteien gek\u00fcndigt wird. <\/p><ul><li>Finanzielle Daten<\/li><\/ul><p>Wir bewahren unsere Finanzunterlagen 10 Jahre lang auf. Das bedeutet, dass alle Ihre Daten und Dokumente im Zusammenhang mit finanziellen Transaktionen zwischen Ihnen und EuroWheelz f\u00fcr 10 Jahre nach Ihrer Buchung aufbewahrt werden. <\/p><ul><li>Daten, die wir w\u00e4hrend der Kontaktaufnahme erfassen<\/li><\/ul><p>Aufgezeichnete Telefongespr\u00e4che und WhatsApp-Konversationen werden innerhalb von 3 Monaten gel\u00f6scht. An Sie gesendete oder bei uns eingegangene E-Mail-Nachrichten und von Ihnen eingereichte Beschwerden werden bis zu 10 Jahre lang aufbewahrt. <\/p><ul><li>Bewertungen<\/li><\/ul><p>Wir bewahren Ihre Bewertungen auf unseren Websites f\u00fcr maximal 2 Jahre auf, nachdem die Bewertung ver\u00f6ffentlicht wurde. Nach Ablauf der (gesetzlichen) Aufbewahrungsfrist werden Ihre personenbezogenen Daten vernichtet. (Gesetzliche) Aufbewahrungsfristen k\u00f6nnen sich \u00e4ndern. Das Vorstehende gilt nicht, wenn wir gesetzlich verpflichtet sind, bestimmte personenbezogene Daten l\u00e4nger aufzubewahren.   <\/p><p><strong> <\/strong><\/p><p><strong>Rechte zum Schutz der Privatsph\u00e4re<\/strong><\/p><p><strong> <\/strong>Sie haben die folgenden Rechte in Bezug auf die Verarbeitung Ihrer personenbezogenen Daten durch uns:<\/p><ol><li>das Recht auf <u>Zugang zu<\/u> den personenbezogenen Daten, die wir \u00fcber Sie verarbeiten;<\/li><li>das Recht, Ihre personenbezogenen Daten <u>\u00e4ndern oder berichtigen<\/u> zu lassen, wenn sie unrichtig oder unvollst\u00e4ndig sind;<\/li><li>das Recht, der Verarbeitung Ihrer personenbezogenen Daten zu <u>widersprechen<\/u>, wenn Sie einen berechtigten Grund daf\u00fcr haben;<\/li><li>das Recht, <u>die Verarbeitung<\/u> Ihrer personenbezogenen Daten in bestimmten F\u00e4llen <u>einzuschr\u00e4nken<\/u>;<\/li><li>das Recht, die \u00dcbermittlung Ihrer personenbezogenen Daten <u>an einen<\/u> Dritten zu verlangen (\u201eRecht auf Daten\u00fcbertragbarkeit\u201c);<\/li><li>das Recht auf <u>L\u00f6schung<\/u> Ihrer personenbezogenen Daten (\u201eRecht auf Vergessenwerden\u201c);<\/li><li>das Recht, <u>die Einwilligung <\/u>in die Verarbeitung personenbezogener Daten <u>zu widerrufen<\/u>, wenn die Verarbeitung auf Ihrer Einwilligung beruht. Dies schlie\u00dft das Recht ein, sich von unserem Newsletter oder unseren E-Mails abzumelden. Der Widerruf Ihrer Einwilligung hat keinen Einfluss auf die Rechtm\u00e4\u00dfigkeit der Verarbeitung Ihrer personenbezogenen Daten vor dem Widerruf.  <strong> <\/strong><\/li><\/ol><p>Um Ihre Rechte auszu\u00fcben, kontaktieren Sie uns bitte unter: info@eurowheelz.nl.<\/p><p>Wir teilen Ihnen innerhalb eines Monats nach Eingang Ihres Antrags mit, ob wir ihm nachkommen k\u00f6nnen. Diese Frist kann in Ausnahmef\u00e4llen um zwei Monate verl\u00e4ngert werden, z. B. wenn Ihre Anfragen sehr umfangreich sind. Wir werden Sie \u00fcber eine solche Verl\u00e4ngerung innerhalb eines Monats nach Eingang Ihres Antrags informieren.  <\/p><p>Es kann sein, dass wir Ihrem Antrag bzw. Ihren Antr\u00e4gen nicht (vollst\u00e4ndig) nachkommen k\u00f6nnen oder d\u00fcrfen. Wenn wir Ihren Antrag (teilweise) ablehnen, werden wir Ihnen die Gr\u00fcnde daf\u00fcr mitteilen. <\/p><p>Um zu vermeiden, dass Informationen an die falsche Person weitergegeben werden, bitten wir Sie m\u00f6glicherweise um zus\u00e4tzliche Informationen, um Ihre Identit\u00e4t zu \u00fcberpr\u00fcfen. Senden Sie uns niemals unaufgefordert eine Kopie Ihres Personalausweises. <\/p><p><strong> <\/strong><\/p><p><strong>Wer ist f\u00fcr Ihre personenbezogenen Daten verantwortlich?<\/strong><\/p><p>EuroWheelz ist der Verantwortliche f\u00fcr die Verarbeitung Ihrer pers\u00f6nlichen Daten. Wir sind im Handelsregister der Handelskammer wie folgt eingetragen: <\/p><p>Overijsselhaven 79<br>3433 PH Nieuwegein<br>KvK-Nummer: 80826857<\/p><p><strong> <\/strong><\/p><p><strong>Haben Sie irgendwelche Fragen oder Beschwerden?<\/strong><strong> <\/strong><\/p><p>Wenn Sie Fragen zur Verarbeitung Ihrer pers\u00f6nlichen Daten und zum Schutz Ihrer Privatsph\u00e4re haben, wenden Sie sich bitte an uns: info@eurowheelz.eu\/ info@eurowheelz.nl<\/p><p>Wenn Sie sich \u00fcber die Art und Weise beschweren wollen, wie wir Ihre personenbezogenen Daten verarbeiten, werden wir versuchen, eine Einigung mit Ihnen zu erzielen. Sollte dies nicht zu dem gew\u00fcnschten Ergebnis f\u00fchren, k\u00f6nnen Sie sich an die Aufsichtsbeh\u00f6rde, die Beh\u00f6rde f\u00fcr personenbezogene Daten, wenden. <\/p><\/div>\t\t\t\t\t\t\t\t<\/div>\n\t\t\t\t<\/div>\n\t\t\t\t<\/div>\n\t\t\t\t\t<\/div>\n\t\t\t\t<\/div>\n\t\t\t\t<\/div>\n\t\t","protected":false},"excerpt":{"rendered":"<p>DATENSCHUTZERKL\u00c4RUNG EUROWHEELZ B.V. Das Privatunternehmen EuroWheelz B.V. mit Sitz in Houten (\u201eEuroWheelz\u201c, \u201ewir\u201c, \u201euns\u201c) verarbeitet personenbezogene Daten. In dieser Datenschutzerkl\u00e4rung erl\u00e4utern wir, welche personenbezogenen Daten wir verarbeiten, auf welcher Grundlage und zu welchem Zweck. Wir \u00e4ndern diese Erkl\u00e4rung zum Datenschutz von Zeit zu Zeit. Die aktuellste Datenschutzerkl\u00e4rung finden Sie auf unserer Website unter www.eurowheelz.nl. Diese [&hellip;]<\/p>\n","protected":false},"author":1,"featured_media":0,"parent":0,"menu_order":0,"comment_status":"closed","ping_status":"closed","template":"","meta":{"_acf_changed":false,"footnotes":""},"class_list":["post-5519","page","type-page","status-publish","hentry"],"acf":[],"yoast_head":"<!-- This site is optimized with the Yoast SEO plugin v27.4 - https:\/\/yoast.com\/product\/yoast-seo-wordpress\/ -->\n<title>Datenschutzbestimmungen - EuroWheelz<\/title>\n<meta name=\"robots\" content=\"index, follow, max-snippet:-1, max-image-preview:large, max-video-preview:-1\" \/>\n<link rel=\"canonical\" href=\"https:\/\/eurowheelz.eu\/de\/datenschutzbestimmungen\/\" \/>\n<meta property=\"og:locale\" content=\"de_DE\" \/>\n<meta property=\"og:type\" content=\"article\" \/>\n<meta property=\"og:title\" content=\"Datenschutzbestimmungen - EuroWheelz\" \/>\n<meta property=\"og:description\" content=\"DATENSCHUTZERKL\u00c4RUNG EUROWHEELZ B.V. Das Privatunternehmen EuroWheelz B.V. mit Sitz in Houten (\u201eEuroWheelz\u201c, \u201ewir\u201c, \u201euns\u201c) verarbeitet personenbezogene Daten. In dieser Datenschutzerkl\u00e4rung erl\u00e4utern wir, welche personenbezogenen Daten wir verarbeiten, auf welcher Grundlage und zu welchem Zweck. Wir \u00e4ndern diese Erkl\u00e4rung zum Datenschutz von Zeit zu Zeit. Die aktuellste Datenschutzerkl\u00e4rung finden Sie auf unserer Website unter www.eurowheelz.nl. Diese [&hellip;]\" \/>\n<meta property=\"og:url\" content=\"https:\/\/eurowheelz.eu\/de\/datenschutzbestimmungen\/\" \/>\n<meta property=\"og:site_name\" content=\"EuroWheelz\" \/>\n<meta property=\"article:publisher\" content=\"https:\/\/www.facebook.com\/Eurowheelz.nl\" \/>\n<meta property=\"article:modified_time\" content=\"2025-06-05T11:33:46+00:00\" \/>\n<meta name=\"twitter:card\" content=\"summary_large_image\" \/>\n<meta name=\"twitter:label1\" content=\"Gesch\u00e4tzte Lesezeit\" \/>\n\t<meta name=\"twitter:data1\" content=\"8\u00a0Minuten\" \/>\n<script type=\"application\/ld+json\" class=\"yoast-schema-graph\">{\"@context\":\"https:\\\/\\\/schema.org\",\"@graph\":[{\"@type\":\"WebPage\",\"@id\":\"https:\\\/\\\/eurowheelz.eu\\\/de\\\/datenschutzbestimmungen\\\/\",\"url\":\"https:\\\/\\\/eurowheelz.eu\\\/de\\\/datenschutzbestimmungen\\\/\",\"name\":\"Datenschutzbestimmungen - EuroWheelz\",\"isPartOf\":{\"@id\":\"https:\\\/\\\/eurowheelz.eu\\\/de\\\/#website\"},\"datePublished\":\"2025-04-21T08:28:55+00:00\",\"dateModified\":\"2025-06-05T11:33:46+00:00\",\"breadcrumb\":{\"@id\":\"https:\\\/\\\/eurowheelz.eu\\\/de\\\/datenschutzbestimmungen\\\/#breadcrumb\"},\"inLanguage\":\"de\",\"potentialAction\":[{\"@type\":\"ReadAction\",\"target\":[\"https:\\\/\\\/eurowheelz.eu\\\/de\\\/datenschutzbestimmungen\\\/\"]}]},{\"@type\":\"BreadcrumbList\",\"@id\":\"https:\\\/\\\/eurowheelz.eu\\\/de\\\/datenschutzbestimmungen\\\/#breadcrumb\",\"itemListElement\":[{\"@type\":\"ListItem\",\"position\":1,\"name\":\"Home\",\"item\":\"https:\\\/\\\/eurowheelz.eu\\\/de\\\/\"},{\"@type\":\"ListItem\",\"position\":2,\"name\":\"Datenschutzbestimmungen\"}]},{\"@type\":\"WebSite\",\"@id\":\"https:\\\/\\\/eurowheelz.eu\\\/de\\\/#website\",\"url\":\"https:\\\/\\\/eurowheelz.eu\\\/de\\\/\",\"name\":\"EuroWheelz\",\"description\":\"The coolest rides!\",\"publisher\":{\"@id\":\"https:\\\/\\\/eurowheelz.eu\\\/de\\\/#organization\"},\"potentialAction\":[{\"@type\":\"SearchAction\",\"target\":{\"@type\":\"EntryPoint\",\"urlTemplate\":\"https:\\\/\\\/eurowheelz.eu\\\/de\\\/?s={search_term_string}\"},\"query-input\":{\"@type\":\"PropertyValueSpecification\",\"valueRequired\":true,\"valueName\":\"search_term_string\"}}],\"inLanguage\":\"de\"},{\"@type\":\"Organization\",\"@id\":\"https:\\\/\\\/eurowheelz.eu\\\/de\\\/#organization\",\"name\":\"EuroWheelz BV\",\"url\":\"https:\\\/\\\/eurowheelz.eu\\\/de\\\/\",\"logo\":{\"@type\":\"ImageObject\",\"inLanguage\":\"de\",\"@id\":\"https:\\\/\\\/eurowheelz.eu\\\/de\\\/#\\\/schema\\\/logo\\\/image\\\/\",\"url\":\"https:\\\/\\\/eurowheelz.eu\\\/wp-content\\\/uploads\\\/2025\\\/04\\\/favicon.png\",\"contentUrl\":\"https:\\\/\\\/eurowheelz.eu\\\/wp-content\\\/uploads\\\/2025\\\/04\\\/favicon.png\",\"width\":192,\"height\":192,\"caption\":\"EuroWheelz BV\"},\"image\":{\"@id\":\"https:\\\/\\\/eurowheelz.eu\\\/de\\\/#\\\/schema\\\/logo\\\/image\\\/\"},\"sameAs\":[\"https:\\\/\\\/www.facebook.com\\\/Eurowheelz.nl\",\"https:\\\/\\\/www.instagram.com\\\/eurowheelznl\\\/\",\"https:\\\/\\\/www.tiktok.com\\\/@eurowheelz\"]}]}<\/script>\n<!-- \/ Yoast SEO plugin. -->","yoast_head_json":{"title":"Datenschutzbestimmungen - EuroWheelz","robots":{"index":"index","follow":"follow","max-snippet":"max-snippet:-1","max-image-preview":"max-image-preview:large","max-video-preview":"max-video-preview:-1"},"canonical":"https:\/\/eurowheelz.eu\/de\/datenschutzbestimmungen\/","og_locale":"de_DE","og_type":"article","og_title":"Datenschutzbestimmungen - EuroWheelz","og_description":"DATENSCHUTZERKL\u00c4RUNG EUROWHEELZ B.V. Das Privatunternehmen EuroWheelz B.V. mit Sitz in Houten (\u201eEuroWheelz\u201c, \u201ewir\u201c, \u201euns\u201c) verarbeitet personenbezogene Daten. In dieser Datenschutzerkl\u00e4rung erl\u00e4utern wir, welche personenbezogenen Daten wir verarbeiten, auf welcher Grundlage und zu welchem Zweck. Wir \u00e4ndern diese Erkl\u00e4rung zum Datenschutz von Zeit zu Zeit. Die aktuellste Datenschutzerkl\u00e4rung finden Sie auf unserer Website unter www.eurowheelz.nl. Diese [&hellip;]","og_url":"https:\/\/eurowheelz.eu\/de\/datenschutzbestimmungen\/","og_site_name":"EuroWheelz","article_publisher":"https:\/\/www.facebook.com\/Eurowheelz.nl","article_modified_time":"2025-06-05T11:33:46+00:00","twitter_card":"summary_large_image","twitter_misc":{"Gesch\u00e4tzte Lesezeit":"8\u00a0Minuten"},"schema":{"@context":"https:\/\/schema.org","@graph":[{"@type":"WebPage","@id":"https:\/\/eurowheelz.eu\/de\/datenschutzbestimmungen\/","url":"https:\/\/eurowheelz.eu\/de\/datenschutzbestimmungen\/","name":"Datenschutzbestimmungen - EuroWheelz","isPartOf":{"@id":"https:\/\/eurowheelz.eu\/de\/#website"},"datePublished":"2025-04-21T08:28:55+00:00","dateModified":"2025-06-05T11:33:46+00:00","breadcrumb":{"@id":"https:\/\/eurowheelz.eu\/de\/datenschutzbestimmungen\/#breadcrumb"},"inLanguage":"de","potentialAction":[{"@type":"ReadAction","target":["https:\/\/eurowheelz.eu\/de\/datenschutzbestimmungen\/"]}]},{"@type":"BreadcrumbList","@id":"https:\/\/eurowheelz.eu\/de\/datenschutzbestimmungen\/#breadcrumb","itemListElement":[{"@type":"ListItem","position":1,"name":"Home","item":"https:\/\/eurowheelz.eu\/de\/"},{"@type":"ListItem","position":2,"name":"Datenschutzbestimmungen"}]},{"@type":"WebSite","@id":"https:\/\/eurowheelz.eu\/de\/#website","url":"https:\/\/eurowheelz.eu\/de\/","name":"EuroWheelz","description":"The coolest rides!","publisher":{"@id":"https:\/\/eurowheelz.eu\/de\/#organization"},"potentialAction":[{"@type":"SearchAction","target":{"@type":"EntryPoint","urlTemplate":"https:\/\/eurowheelz.eu\/de\/?s={search_term_string}"},"query-input":{"@type":"PropertyValueSpecification","valueRequired":true,"valueName":"search_term_string"}}],"inLanguage":"de"},{"@type":"Organization","@id":"https:\/\/eurowheelz.eu\/de\/#organization","name":"EuroWheelz BV","url":"https:\/\/eurowheelz.eu\/de\/","logo":{"@type":"ImageObject","inLanguage":"de","@id":"https:\/\/eurowheelz.eu\/de\/#\/schema\/logo\/image\/","url":"https:\/\/eurowheelz.eu\/wp-content\/uploads\/2025\/04\/favicon.png","contentUrl":"https:\/\/eurowheelz.eu\/wp-content\/uploads\/2025\/04\/favicon.png","width":192,"height":192,"caption":"EuroWheelz BV"},"image":{"@id":"https:\/\/eurowheelz.eu\/de\/#\/schema\/logo\/image\/"},"sameAs":["https:\/\/www.facebook.com\/Eurowheelz.nl","https:\/\/www.instagram.com\/eurowheelznl\/","https:\/\/www.tiktok.com\/@eurowheelz"]}]}},"_links":{"self":[{"href":"https:\/\/eurowheelz.eu\/de\/wp-json\/wp\/v2\/pages\/5519","targetHints":{"allow":["GET"]}}],"collection":[{"href":"https:\/\/eurowheelz.eu\/de\/wp-json\/wp\/v2\/pages"}],"about":[{"href":"https:\/\/eurowheelz.eu\/de\/wp-json\/wp\/v2\/types\/page"}],"author":[{"embeddable":true,"href":"https:\/\/eurowheelz.eu\/de\/wp-json\/wp\/v2\/users\/1"}],"replies":[{"embeddable":true,"href":"https:\/\/eurowheelz.eu\/de\/wp-json\/wp\/v2\/comments?post=5519"}],"version-history":[{"count":1,"href":"https:\/\/eurowheelz.eu\/de\/wp-json\/wp\/v2\/pages\/5519\/revisions"}],"predecessor-version":[{"id":5520,"href":"https:\/\/eurowheelz.eu\/de\/wp-json\/wp\/v2\/pages\/5519\/revisions\/5520"}],"wp:attachment":[{"href":"https:\/\/eurowheelz.eu\/de\/wp-json\/wp\/v2\/media?parent=5519"}],"curies":[{"name":"wp","href":"https:\/\/api.w.org\/{rel}","templated":true}]}}