{"id":5515,"date":"2025-04-21T08:32:46","date_gmt":"2025-04-21T08:32:46","guid":{"rendered":"https:\/\/eurowheelz.eu\/cookie-politik\/"},"modified":"2025-06-05T11:33:45","modified_gmt":"2025-06-05T11:33:45","slug":"cookie-politik","status":"publish","type":"page","link":"https:\/\/eurowheelz.eu\/de\/cookie-politik\/","title":{"rendered":"Cookie-Politik"},"content":{"rendered":"\t\t<div data-elementor-type=\"wp-page\" data-elementor-id=\"5515\" class=\"elementor elementor-5515 elementor-1342\" data-elementor-post-type=\"page\">\n\t\t\t\t<div class=\"elementor-element elementor-element-abf9018 e-flex e-con-boxed e-con e-parent\" data-id=\"abf9018\" data-element_type=\"container\" data-e-type=\"container\">\n\t\t\t\t\t<div class=\"e-con-inner\">\n\t\t<div class=\"elementor-element elementor-element-124bc59 e-con-full e-flex e-con e-child\" data-id=\"124bc59\" data-element_type=\"container\" data-e-type=\"container\">\n\t\t\t\t<div class=\"elementor-element elementor-element-48e162a elementor-widget elementor-widget-heading\" data-id=\"48e162a\" data-element_type=\"widget\" data-e-type=\"widget\" data-widget_type=\"heading.default\">\n\t\t\t\t<div class=\"elementor-widget-container\">\n\t\t\t\t\t<h2 class=\"elementor-heading-title elementor-size-default\">Cookie-Politik<\/h2>\t\t\t\t<\/div>\n\t\t\t\t<\/div>\n\t\t\t\t<div class=\"elementor-element elementor-element-1896981 elementor-widget elementor-widget-text-editor\" data-id=\"1896981\" data-element_type=\"widget\" data-e-type=\"widget\" data-widget_type=\"text-editor.default\">\n\t\t\t\t<div class=\"elementor-widget-container\">\n\t\t\t\t\t\t\t\t\t<div class=\"\"><p>1. Begriffe<\/p><p>Mit dem Zugriff auf diese Website, die \u00fcber https:\/\/www.eurowheelz.eu zug\u00e4nglich ist, erkl\u00e4ren Sie sich mit diesen Nutzungsbedingungen einverstanden und stimmen zu, dass Sie f\u00fcr die Einhaltung der geltenden lokalen Gesetze verantwortlich sind. Wenn Sie mit einer dieser Bedingungen nicht einverstanden sind, ist Ihnen der Zugriff auf diese Website untersagt. Die auf dieser Website enthaltenen Materialien sind urheberrechtlich und markenrechtlich gesch\u00fctzt.  <\/p><p>2. Lizenz verwenden<\/p><p>Es wird die Erlaubnis erteilt, eine Kopie der Materialien auf der Eurowheelz-Website f\u00fcr den pers\u00f6nlichen, nicht-kommerziellen Gebrauch herunterzuladen. Dies ist die Gew\u00e4hrung einer Lizenz, nicht eine \u00dcbertragung des Eigentums, und unter dieser Lizenz d\u00fcrfen Sie nicht: <\/p><p>die Materialien zu modifizieren oder zu kopieren;<br>die Materialien f\u00fcr kommerzielle Zwecke oder zur \u00f6ffentlichen Darstellung zu verwenden;<br>zu versuchen, die auf der Eurowheelz-Website enthaltene Software zur\u00fcckzuentwickeln;<br>Urheberrechts- oder andere Eigentumsvermerke von den Materialien zu entfernen; oder<br>die Materialien an eine andere Person weiterzugeben oder auf einem anderen Server zu \u201espiegeln\u201c.<br>Bei Verst\u00f6\u00dfen gegen eine dieser Einschr\u00e4nkungen kann Eurowheelz den Vertrag k\u00fcndigen. Mit der K\u00fcndigung erlischt auch Ihr Recht auf Einsichtnahme und Sie sollten alle heruntergeladenen Materialien in Ihrem Besitz vernichten, egal ob in gedruckter oder elektronischer Form. Diese Nutzungsbedingungen wurden mit Hilfe des Terms Of Service Generators erstellt.  <\/p><p>3. Haftungsausschluss<\/p><p>Alle Materialien auf der Website von Eurowheelz werden \u201ewie besehen\u201c zur Verf\u00fcgung gestellt. Eurowheelz gibt keine Garantien, weder ausdr\u00fccklich noch stillschweigend, und schlie\u00dft daher alle anderen Garantien aus. Dar\u00fcber hinaus gibt Eurowheelz keine Zusicherungen in Bezug auf die Genauigkeit oder Zuverl\u00e4ssigkeit der Nutzung der Materialien auf der Eurowheelz-Website oder in Bezug auf diese Materialien oder auf andere mit dieser Website verbundene Websites.  <\/p><p>4. Beschr\u00e4nkungen<\/p><p>Eurowheelz oder seine Zulieferer k\u00f6nnen nicht f\u00fcr Sch\u00e4den verantwortlich gemacht werden, die durch die Nutzung oder die Unm\u00f6glichkeit der Nutzung des Materials auf der Eurowheelz Website entstehen, selbst wenn Eurowheelz oder ein autorisierter Vertreter dieser Website m\u00fcndlich oder schriftlich \u00fcber die M\u00f6glichkeit solcher Sch\u00e4den informiert wurde. Einige Gerichtsbarkeiten erlauben keine Beschr\u00e4nkungen von stillschweigenden Garantien oder Haftungsbeschr\u00e4nkungen f\u00fcr zuf\u00e4llige Sch\u00e4den, diese Beschr\u00e4nkungen gelten m\u00f6glicherweise nicht f\u00fcr Sie. <\/p><p>5. \u00dcberarbeitungen und Errata<\/p><p>Die Materialien auf der Eurowheelz-Website k\u00f6nnen technische, typografische oder fotografische Fehler enthalten. Eurowheelz \u00fcbernimmt keine Gew\u00e4hr f\u00fcr die Richtigkeit, Vollst\u00e4ndigkeit und Aktualit\u00e4t der Inhalte dieser Website. Eurowheelz beh\u00e4lt sich das Recht vor, die auf der Website enthaltenen Materialien jederzeit und ohne Vorank\u00fcndigung zu \u00e4ndern. Eurowheelz \u00fcbernimmt keine Verpflichtung zur Aktualisierung der Materialien.   <\/p><p>6. Links<\/p><p>Eurowheelz hat nicht alle mit seiner Website verkn\u00fcpften Websites \u00fcberpr\u00fcft und ist nicht verantwortlich f\u00fcr den Inhalt dieser verlinkten Websites. Das Vorhandensein eines Links bedeutet nicht, dass Eurowheelz diese Seite billigt. Die Nutzung einer verlinkten Website erfolgt auf eigenes Risiko des Nutzers.  <\/p><p>7. \u00c4nderungen der Nutzungsbedingungen der Website<\/p><p>Eurowheelz kann diese Nutzungsbedingungen f\u00fcr seine Website jederzeit ohne vorherige Ank\u00fcndigung \u00fcberarbeiten. Durch die Nutzung dieser Website erkl\u00e4ren Sie sich mit der aktuellen Version dieser Nutzungsbedingungen einverstanden. <\/p><p>8. Ihre Privatsph\u00e4re<\/p><p>Bitte lesen Sie unsere Datenschutzrichtlinie.<\/p><p>9. Geltendes Recht<\/p><p>Jegliche Anspr\u00fcche im Zusammenhang mit der Eurowheelz-Website unterliegen den Gesetzen der Bundesrepublik Deutschland ohne R\u00fccksicht auf kollisionsrechtliche Bestimmungen.<\/p><\/div>\t\t\t\t\t\t\t\t<\/div>\n\t\t\t\t<\/div>\n\t\t\t\t<\/div>\n\t\t\t\t\t<\/div>\n\t\t\t\t<\/div>\n\t\t\t\t<\/div>\n\t\t","protected":false},"excerpt":{"rendered":"<p>Cookie-Politik 1. Begriffe Mit dem Zugriff auf diese Website, die \u00fcber https:\/\/www.eurowheelz.eu zug\u00e4nglich ist, erkl\u00e4ren Sie sich mit diesen Nutzungsbedingungen einverstanden und stimmen zu, dass Sie f\u00fcr die Einhaltung der geltenden lokalen Gesetze verantwortlich sind. Wenn Sie mit einer dieser Bedingungen nicht einverstanden sind, ist Ihnen der Zugriff auf diese Website untersagt. Die auf dieser [&hellip;]<\/p>\n","protected":false},"author":1,"featured_media":0,"parent":0,"menu_order":0,"comment_status":"closed","ping_status":"closed","template":"","meta":{"_acf_changed":false,"footnotes":""},"class_list":["post-5515","page","type-page","status-publish","hentry"],"acf":[],"yoast_head":"<!-- This site is optimized with the Yoast SEO plugin v27.3 - https:\/\/yoast.com\/product\/yoast-seo-wordpress\/ -->\n<title>Cookie-Politik - EuroWheelz<\/title>\n<meta name=\"robots\" content=\"index, follow, max-snippet:-1, max-image-preview:large, max-video-preview:-1\" \/>\n<link rel=\"canonical\" href=\"https:\/\/eurowheelz.eu\/de\/cookie-politik\/\" \/>\n<meta property=\"og:locale\" content=\"de_DE\" \/>\n<meta property=\"og:type\" content=\"article\" \/>\n<meta property=\"og:title\" content=\"Cookie-Politik - EuroWheelz\" \/>\n<meta property=\"og:description\" content=\"Cookie-Politik 1. Begriffe Mit dem Zugriff auf diese Website, die \u00fcber https:\/\/www.eurowheelz.eu zug\u00e4nglich ist, erkl\u00e4ren Sie sich mit diesen Nutzungsbedingungen einverstanden und stimmen zu, dass Sie f\u00fcr die Einhaltung der geltenden lokalen Gesetze verantwortlich sind. Wenn Sie mit einer dieser Bedingungen nicht einverstanden sind, ist Ihnen der Zugriff auf diese Website untersagt. Die auf dieser [&hellip;]\" \/>\n<meta property=\"og:url\" content=\"https:\/\/eurowheelz.eu\/de\/cookie-politik\/\" \/>\n<meta property=\"og:site_name\" content=\"EuroWheelz\" \/>\n<meta property=\"article:publisher\" content=\"https:\/\/www.facebook.com\/Eurowheelz.nl\" \/>\n<meta property=\"article:modified_time\" content=\"2025-06-05T11:33:45+00:00\" \/>\n<meta name=\"twitter:card\" content=\"summary_large_image\" \/>\n<meta name=\"twitter:label1\" content=\"Gesch\u00e4tzte Lesezeit\" \/>\n\t<meta name=\"twitter:data1\" content=\"3\u00a0Minuten\" \/>\n<script type=\"application\/ld+json\" class=\"yoast-schema-graph\">{\"@context\":\"https:\\\/\\\/schema.org\",\"@graph\":[{\"@type\":\"WebPage\",\"@id\":\"https:\\\/\\\/eurowheelz.eu\\\/de\\\/cookie-politik\\\/\",\"url\":\"https:\\\/\\\/eurowheelz.eu\\\/de\\\/cookie-politik\\\/\",\"name\":\"Cookie-Politik - EuroWheelz\",\"isPartOf\":{\"@id\":\"https:\\\/\\\/eurowheelz.eu\\\/de\\\/#website\"},\"datePublished\":\"2025-04-21T08:32:46+00:00\",\"dateModified\":\"2025-06-05T11:33:45+00:00\",\"breadcrumb\":{\"@id\":\"https:\\\/\\\/eurowheelz.eu\\\/de\\\/cookie-politik\\\/#breadcrumb\"},\"inLanguage\":\"de\",\"potentialAction\":[{\"@type\":\"ReadAction\",\"target\":[\"https:\\\/\\\/eurowheelz.eu\\\/de\\\/cookie-politik\\\/\"]}]},{\"@type\":\"BreadcrumbList\",\"@id\":\"https:\\\/\\\/eurowheelz.eu\\\/de\\\/cookie-politik\\\/#breadcrumb\",\"itemListElement\":[{\"@type\":\"ListItem\",\"position\":1,\"name\":\"Home\",\"item\":\"https:\\\/\\\/eurowheelz.eu\\\/de\\\/\"},{\"@type\":\"ListItem\",\"position\":2,\"name\":\"Cookie-Politik\"}]},{\"@type\":\"WebSite\",\"@id\":\"https:\\\/\\\/eurowheelz.eu\\\/de\\\/#website\",\"url\":\"https:\\\/\\\/eurowheelz.eu\\\/de\\\/\",\"name\":\"EuroWheelz\",\"description\":\"The coolest rides!\",\"publisher\":{\"@id\":\"https:\\\/\\\/eurowheelz.eu\\\/de\\\/#organization\"},\"potentialAction\":[{\"@type\":\"SearchAction\",\"target\":{\"@type\":\"EntryPoint\",\"urlTemplate\":\"https:\\\/\\\/eurowheelz.eu\\\/de\\\/?s={search_term_string}\"},\"query-input\":{\"@type\":\"PropertyValueSpecification\",\"valueRequired\":true,\"valueName\":\"search_term_string\"}}],\"inLanguage\":\"de\"},{\"@type\":\"Organization\",\"@id\":\"https:\\\/\\\/eurowheelz.eu\\\/de\\\/#organization\",\"name\":\"EuroWheelz BV\",\"url\":\"https:\\\/\\\/eurowheelz.eu\\\/de\\\/\",\"logo\":{\"@type\":\"ImageObject\",\"inLanguage\":\"de\",\"@id\":\"https:\\\/\\\/eurowheelz.eu\\\/de\\\/#\\\/schema\\\/logo\\\/image\\\/\",\"url\":\"https:\\\/\\\/eurowheelz.eu\\\/wp-content\\\/uploads\\\/2025\\\/04\\\/favicon.png\",\"contentUrl\":\"https:\\\/\\\/eurowheelz.eu\\\/wp-content\\\/uploads\\\/2025\\\/04\\\/favicon.png\",\"width\":192,\"height\":192,\"caption\":\"EuroWheelz BV\"},\"image\":{\"@id\":\"https:\\\/\\\/eurowheelz.eu\\\/de\\\/#\\\/schema\\\/logo\\\/image\\\/\"},\"sameAs\":[\"https:\\\/\\\/www.facebook.com\\\/Eurowheelz.nl\",\"https:\\\/\\\/www.instagram.com\\\/eurowheelznl\\\/\",\"https:\\\/\\\/www.tiktok.com\\\/@eurowheelz\"]}]}<\/script>\n<!-- \/ Yoast SEO plugin. -->","yoast_head_json":{"title":"Cookie-Politik - EuroWheelz","robots":{"index":"index","follow":"follow","max-snippet":"max-snippet:-1","max-image-preview":"max-image-preview:large","max-video-preview":"max-video-preview:-1"},"canonical":"https:\/\/eurowheelz.eu\/de\/cookie-politik\/","og_locale":"de_DE","og_type":"article","og_title":"Cookie-Politik - EuroWheelz","og_description":"Cookie-Politik 1. Begriffe Mit dem Zugriff auf diese Website, die \u00fcber https:\/\/www.eurowheelz.eu zug\u00e4nglich ist, erkl\u00e4ren Sie sich mit diesen Nutzungsbedingungen einverstanden und stimmen zu, dass Sie f\u00fcr die Einhaltung der geltenden lokalen Gesetze verantwortlich sind. Wenn Sie mit einer dieser Bedingungen nicht einverstanden sind, ist Ihnen der Zugriff auf diese Website untersagt. Die auf dieser [&hellip;]","og_url":"https:\/\/eurowheelz.eu\/de\/cookie-politik\/","og_site_name":"EuroWheelz","article_publisher":"https:\/\/www.facebook.com\/Eurowheelz.nl","article_modified_time":"2025-06-05T11:33:45+00:00","twitter_card":"summary_large_image","twitter_misc":{"Gesch\u00e4tzte Lesezeit":"3\u00a0Minuten"},"schema":{"@context":"https:\/\/schema.org","@graph":[{"@type":"WebPage","@id":"https:\/\/eurowheelz.eu\/de\/cookie-politik\/","url":"https:\/\/eurowheelz.eu\/de\/cookie-politik\/","name":"Cookie-Politik - EuroWheelz","isPartOf":{"@id":"https:\/\/eurowheelz.eu\/de\/#website"},"datePublished":"2025-04-21T08:32:46+00:00","dateModified":"2025-06-05T11:33:45+00:00","breadcrumb":{"@id":"https:\/\/eurowheelz.eu\/de\/cookie-politik\/#breadcrumb"},"inLanguage":"de","potentialAction":[{"@type":"ReadAction","target":["https:\/\/eurowheelz.eu\/de\/cookie-politik\/"]}]},{"@type":"BreadcrumbList","@id":"https:\/\/eurowheelz.eu\/de\/cookie-politik\/#breadcrumb","itemListElement":[{"@type":"ListItem","position":1,"name":"Home","item":"https:\/\/eurowheelz.eu\/de\/"},{"@type":"ListItem","position":2,"name":"Cookie-Politik"}]},{"@type":"WebSite","@id":"https:\/\/eurowheelz.eu\/de\/#website","url":"https:\/\/eurowheelz.eu\/de\/","name":"EuroWheelz","description":"The coolest rides!","publisher":{"@id":"https:\/\/eurowheelz.eu\/de\/#organization"},"potentialAction":[{"@type":"SearchAction","target":{"@type":"EntryPoint","urlTemplate":"https:\/\/eurowheelz.eu\/de\/?s={search_term_string}"},"query-input":{"@type":"PropertyValueSpecification","valueRequired":true,"valueName":"search_term_string"}}],"inLanguage":"de"},{"@type":"Organization","@id":"https:\/\/eurowheelz.eu\/de\/#organization","name":"EuroWheelz BV","url":"https:\/\/eurowheelz.eu\/de\/","logo":{"@type":"ImageObject","inLanguage":"de","@id":"https:\/\/eurowheelz.eu\/de\/#\/schema\/logo\/image\/","url":"https:\/\/eurowheelz.eu\/wp-content\/uploads\/2025\/04\/favicon.png","contentUrl":"https:\/\/eurowheelz.eu\/wp-content\/uploads\/2025\/04\/favicon.png","width":192,"height":192,"caption":"EuroWheelz BV"},"image":{"@id":"https:\/\/eurowheelz.eu\/de\/#\/schema\/logo\/image\/"},"sameAs":["https:\/\/www.facebook.com\/Eurowheelz.nl","https:\/\/www.instagram.com\/eurowheelznl\/","https:\/\/www.tiktok.com\/@eurowheelz"]}]}},"_links":{"self":[{"href":"https:\/\/eurowheelz.eu\/de\/wp-json\/wp\/v2\/pages\/5515","targetHints":{"allow":["GET"]}}],"collection":[{"href":"https:\/\/eurowheelz.eu\/de\/wp-json\/wp\/v2\/pages"}],"about":[{"href":"https:\/\/eurowheelz.eu\/de\/wp-json\/wp\/v2\/types\/page"}],"author":[{"embeddable":true,"href":"https:\/\/eurowheelz.eu\/de\/wp-json\/wp\/v2\/users\/1"}],"replies":[{"embeddable":true,"href":"https:\/\/eurowheelz.eu\/de\/wp-json\/wp\/v2\/comments?post=5515"}],"version-history":[{"count":1,"href":"https:\/\/eurowheelz.eu\/de\/wp-json\/wp\/v2\/pages\/5515\/revisions"}],"predecessor-version":[{"id":5516,"href":"https:\/\/eurowheelz.eu\/de\/wp-json\/wp\/v2\/pages\/5515\/revisions\/5516"}],"wp:attachment":[{"href":"https:\/\/eurowheelz.eu\/de\/wp-json\/wp\/v2\/media?parent=5515"}],"curies":[{"name":"wp","href":"https:\/\/api.w.org\/{rel}","templated":true}]}}